{"id":32944,"date":"2021-09-10T16:21:15","date_gmt":"2021-09-10T14:21:15","guid":{"rendered":"https:\/\/quantum-optimiser.com\/wissenschaft-und-forschung\/"},"modified":"2021-09-25T09:35:21","modified_gmt":"2021-09-25T07:35:21","slug":"wissenschaft-und-forschung","status":"publish","type":"page","link":"https:\/\/quantum-optimiser.com\/de\/wissenschaft-und-forschung\/","title":{"rendered":"Wissenschaft und Forschung"},"content":{"rendered":"<p>[et_pb_section fb_built=&#8221;1&#8243; _builder_version=&#8221;4.9.4&#8243; _module_preset=&#8221;default&#8221; background_color=&#8221;RGBA(0,0,0,0)&#8221; background_image=&#8221;https:\/\/quantum-optimiser.com\/wp-content\/uploads\/2021\/04\/header-science-recherche-color.jpg&#8221; custom_padding=&#8221;0px||0px||false|false&#8221; locked=&#8221;off&#8221;][et_pb_row _builder_version=&#8221;4.9.4&#8243; _module_preset=&#8221;default&#8221; max_width=&#8221;1084px&#8221; custom_margin=&#8221;||||false|false&#8221; custom_padding=&#8221;||||false|false&#8221;][et_pb_column type=&#8221;4_4&#8243; _builder_version=&#8221;4.9.3&#8243; _module_preset=&#8221;default&#8221;][et_pb_text _builder_version=&#8221;4.9.4&#8243; _module_preset=&#8221;default&#8221; header_font=&#8221;Playfair Display||||||||&#8221; header_text_align=&#8221;center&#8221; header_text_color=&#8221;#FFFFFF&#8221; header_font_size=&#8221;60px&#8221; custom_padding=&#8221;3vw||||false|false&#8221; header_text_shadow_style=&#8221;preset1&#8243;]<\/p>\n<h1>Wissenschaft<br \/>\n&amp;<br \/>\nSuche<\/h1>\n<p>[\/et_pb_text][et_pb_divider color=&#8221;#FFFFFF&#8221; divider_position=&#8221;center&#8221; divider_weight=&#8221;1px&#8221; _builder_version=&#8221;4.9.4&#8243; _module_preset=&#8221;default&#8221; width=&#8221;5%&#8221; max_width=&#8221;5%&#8221; module_alignment=&#8221;center&#8221; locked=&#8221;off&#8221;][\/et_pb_divider][et_pb_text _builder_version=&#8221;4.9.4&#8243; _module_preset=&#8221;default&#8221; header_2_font=&#8221;Poppins|200|||||||&#8221; header_2_text_align=&#8221;center&#8221; header_2_text_color=&#8221;#FFFFFF&#8221; header_2_font_size=&#8221;20px&#8221; custom_padding=&#8221;||3vw||false|false&#8221;]<\/p>\n<h2><span>Grundwissen &#8211; Tests &amp; Studien &#8211; Brosch\u00fcren<\/span><\/h2>\n<p>[\/et_pb_text][\/et_pb_column][\/et_pb_row][\/et_pb_section][et_pb_section fb_built=&#8221;1&#8243; _builder_version=&#8221;4.9.3&#8243; _module_preset=&#8221;default&#8221; custom_margin=&#8221;20px||||false|false&#8221; custom_padding=&#8221;0px||||false|false&#8221; locked=&#8221;off&#8221;][et_pb_row _builder_version=&#8221;4.9.3&#8243; _module_preset=&#8221;default&#8221; locked=&#8221;off&#8221;][et_pb_column type=&#8221;4_4&#8243; _builder_version=&#8221;4.9.3&#8243; _module_preset=&#8221;default&#8221;][et_pb_code _builder_version=&#8221;4.9.3&#8243; _module_preset=&#8221;default&#8221;]\t\t\t<!-- Flexy Breadcrumb -->\r\n\t\t\t<div class=\"fbc fbc-page\">\r\n\r\n\t\t\t\t<!-- Breadcrumb wrapper -->\r\n\t\t\t\t<div class=\"fbc-wrap\">\r\n\r\n\t\t\t\t\t<!-- Ordered list-->\r\n\t\t\t\t\t<ol class=\"fbc-items\" itemscope itemtype=\"https:\/\/schema.org\/BreadcrumbList\">\r\n\t\t\t\t\t\t            <li itemprop=\"itemListElement\" itemscope itemtype=\"https:\/\/schema.org\/ListItem\">\r\n                <span itemprop=\"name\">\r\n                    <!-- Home Link -->\r\n                    <a itemprop=\"item\" href=\"https:\/\/quantum-optimiser.com\">\r\n                    \r\n                                                    <i class=\"fa fa-home\" aria-hidden=\"true\"><\/i>Home                    <\/a>\r\n                <\/span>\r\n                <meta itemprop=\"position\" content=\"1\" \/><!-- Meta Position-->\r\n             <\/li><li><span class=\"fbc-separator\">\/<\/span><\/li><li class=\"active\" itemprop=\"itemListElement\" itemscope itemtype=\"https:\/\/schema.org\/ListItem\"><span itemprop=\"name\" title=\"Wissenschaft und Forschung\">Wissenschaft und Forschung<\/span><meta itemprop=\"position\" content=\"2\" \/><\/li>\t\t\t\t\t<\/ol>\r\n\t\t\t\t\t<div class=\"clearfix\"><\/div>\r\n\t\t\t\t<\/div>\r\n\t\t\t<\/div>\r\n\t\t\t[\/et_pb_code][\/et_pb_column][\/et_pb_row][et_pb_row column_structure=&#8221;1_3,1_3,1_3&#8243; _builder_version=&#8221;4.9.4&#8243; _module_preset=&#8221;default&#8221; custom_margin=&#8221;50px||||false|false&#8221;][et_pb_column type=&#8221;1_3&#8243; _builder_version=&#8221;4.9.4&#8243; _module_preset=&#8221;default&#8221;][et_pb_image src=&#8221;https:\/\/quantum-optimiser.com\/wp-content\/uploads\/2021\/04\/80px-gradustaion-hat-grey.png&#8221; title_text=&#8221;80px-grauer-staubiger-Hut-grau&#8221; align=&#8221;center&#8221; _builder_version=&#8221;4.9.4&#8243; _module_preset=&#8221;default&#8221; custom_margin=&#8221;||-1px|||&#8221; hover_enabled=&#8221;0&#8243; sticky_enabled=&#8221;0&#8243;][\/et_pb_image][et_pb_text _builder_version=&#8221;4.9.4&#8243; _module_preset=&#8221;default&#8221; header_2_font=&#8221;Poppins|200||on|||||&#8221; header_2_text_align=&#8221;center&#8221; header_2_text_color=&#8221;#282828&#8243; header_2_font_size=&#8221;20px&#8221; header_2_letter_spacing=&#8221;1px&#8221; header_2_line_height=&#8221;1.2em&#8221; custom_margin=&#8221;||-1px|||&#8221; custom_padding=&#8221;4px||10px||false|false&#8221; locked=&#8221;off&#8221;]<\/p>\n<h2>Grundwissen<\/h2>\n<p>[\/et_pb_text][et_pb_text _builder_version=&#8221;4.9.4&#8243; _module_preset=&#8221;default&#8221;]<\/p>\n<p>Herausfinden der wichtigsten Funktionsprinzipien der angebotenen Produkte und ihrer spezifischen Eigenschaften. Es k\u00f6nnen auch Ratschl\u00e4ge zur Verwendung gegeben werden;<\/p>\n<p>[\/et_pb_text][et_pb_text _builder_version=&#8221;4.9.4&#8243; _module_preset=&#8221;default&#8221; text_orientation=&#8221;center&#8221; link_option_url=&#8221;https:\/\/quantum-optimiser.com\/de\/wissenschaft-und-forschung\/grundwissen\/&#8221; locked=&#8221;off&#8221;]<i class=\"fas fa-chevron-down fa-2x\"><\/i>[\/et_pb_text][\/et_pb_column][et_pb_column type=&#8221;1_3&#8243; _builder_version=&#8221;4.9.4&#8243; _module_preset=&#8221;default&#8221;][et_pb_image src=&#8221;https:\/\/quantum-optimiser.com\/wp-content\/uploads\/2021\/04\/80px-atome-grey.png&#8221; title_text=&#8221;80px-atome-grau&#8221; align=&#8221;center&#8221; _builder_version=&#8221;4.9.4&#8243; _module_preset=&#8221;default&#8221; custom_margin=&#8221;||-1px|||&#8221;][\/et_pb_image][et_pb_text _builder_version=&#8221;4.9.4&#8243; _module_preset=&#8221;default&#8221; header_2_font=&#8221;Poppins|200||on|||||&#8221; header_2_text_align=&#8221;center&#8221; header_2_text_color=&#8221;#282828&#8243; header_2_font_size=&#8221;20px&#8221; header_2_letter_spacing=&#8221;1px&#8221; header_2_line_height=&#8221;1.2em&#8221; custom_margin=&#8221;||-1px|||&#8221; custom_padding=&#8221;4px||10px||false|false&#8221; locked=&#8221;off&#8221;]<\/p>\n<h2>Tests &amp; Studien<\/h2>\n<p>[\/et_pb_text][et_pb_text _builder_version=&#8221;4.9.4&#8243; _module_preset=&#8221;default&#8221; locked=&#8221;off&#8221;]<\/p>\n<p>Alle bisher durchgef\u00fchrten wissenschaftlichen Studien. Sie heben die tats\u00e4chliche Wirksamkeit der auf der Website vorgestellten Produkte hervor und helfen, ihre Wirkungsweise zu verstehen.<\/p>\n<p>[\/et_pb_text][et_pb_text _builder_version=&#8221;4.9.4&#8243; _module_preset=&#8221;default&#8221; text_orientation=&#8221;center&#8221; link_option_url=&#8221;https:\/\/quantum-optimiser.com\/de\/wissenschaft-und-forschung\/tests-studien\/&#8221; locked=&#8221;off&#8221;]<i class=\"fas fa-chevron-down fa-2x\"><\/i>[\/et_pb_text][\/et_pb_column][et_pb_column type=&#8221;1_3&#8243; _builder_version=&#8221;4.9.4&#8243; _module_preset=&#8221;default&#8221;][et_pb_image src=&#8221;https:\/\/quantum-optimiser.com\/wp-content\/uploads\/2021\/04\/80px-brochure-grey.png&#8221; title_text=&#8221;80px-Brosch\u00fcre-grau&#8221; align=&#8221;center&#8221; _builder_version=&#8221;4.9.4&#8243; _module_preset=&#8221;default&#8221; custom_margin=&#8221;||-1px|||&#8221;][\/et_pb_image][et_pb_text _builder_version=&#8221;4.9.4&#8243; _module_preset=&#8221;default&#8221; header_2_font=&#8221;Poppins|200||on|||||&#8221; header_2_text_align=&#8221;center&#8221; header_2_text_color=&#8221;#282828&#8243; header_2_font_size=&#8221;20px&#8221; header_2_letter_spacing=&#8221;1px&#8221; header_2_line_height=&#8221;1.2em&#8221; custom_margin=&#8221;||-1px|||&#8221; custom_padding=&#8221;4px||10px||false|false&#8221; locked=&#8221;off&#8221;]<\/p>\n<h2>Brosch\u00fcren<\/h2>\n<p>[\/et_pb_text][et_pb_text _builder_version=&#8221;4.9.4&#8243; _module_preset=&#8221;default&#8221; locked=&#8221;off&#8221;]<\/p>\n<p>Ausf\u00fchrliche Brosch\u00fcren, die Sie \u00fcber die Merkmale der Produkte informieren. Sie k\u00f6nnen alle im &#8220;pdf&#8221;-Format heruntergeladen werden. Sie erg\u00e4nzen die Grundkenntnisse.<\/p>\n<p>[\/et_pb_text][et_pb_text _builder_version=&#8221;4.9.4&#8243; _module_preset=&#8221;default&#8221; text_orientation=&#8221;center&#8221; link_option_url=&#8221;https:\/\/quantum-optimiser.com\/de\/wissenschaft-und-forschung\/broschuren\/&#8221; locked=&#8221;off&#8221;]<i class=\"fas fa-chevron-down fa-2x\"><\/i>[\/et_pb_text][\/et_pb_column][\/et_pb_row][et_pb_row column_structure=&#8221;1_2,1_2&#8243; _builder_version=&#8221;4.9.4&#8243; _module_preset=&#8221;default&#8221; custom_margin=&#8221;50px||||false|false&#8221; hover_enabled=&#8221;0&#8243; width=&#8221;33%&#8221; max_width=&#8221;50%&#8221; make_equal=&#8221;on&#8221; sticky_enabled=&#8221;0&#8243;][et_pb_column type=&#8221;1_2&#8243; _builder_version=&#8221;4.9.4&#8243; _module_preset=&#8221;default&#8221;][et_pb_image src=&#8221;https:\/\/quantum-optimiser.com\/wp-content\/uploads\/2021\/06\/80px-animals-grey-1.png&#8221; title_text=&#8221;80px-Tiere-grau&#8221; align=&#8221;center&#8221; _builder_version=&#8221;4.9.4&#8243; _module_preset=&#8221;default&#8221; custom_margin=&#8221;||-1px|||&#8221; hover_enabled=&#8221;0&#8243; sticky_enabled=&#8221;0&#8243;][\/et_pb_image][et_pb_text _builder_version=&#8221;4.9.4&#8243; _module_preset=&#8221;default&#8221; header_2_font=&#8221;Poppins|200||on|||||&#8221; header_2_text_align=&#8221;center&#8221; header_2_text_color=&#8221;#282828&#8243; header_2_font_size=&#8221;20px&#8221; header_2_letter_spacing=&#8221;1px&#8221; header_2_line_height=&#8221;1.2em&#8221; custom_margin=&#8221;||-1px|||&#8221; custom_padding=&#8221;4px||10px||false|false&#8221; hover_enabled=&#8221;0&#8243; locked=&#8221;off&#8221; sticky_enabled=&#8221;0&#8243;]<\/p>\n<h2>Tiere<\/h2>\n<p>[\/et_pb_text][et_pb_text _builder_version=&#8221;4.9.4&#8243; _module_preset=&#8221;default&#8221; hover_enabled=&#8221;0&#8243; sticky_enabled=&#8221;0&#8243;]<\/p>\n<p>Vergessen wir nicht unsere treuen Freunde und diejenigen, die unsere Natur bewohnen. Es liegt in unserer Verantwortung, sie zu lieben, zu erhalten und zu sch\u00fctzen.<\/p>\n<p>[\/et_pb_text][et_pb_text _builder_version=&#8221;4.9.4&#8243; _module_preset=&#8221;default&#8221; text_orientation=&#8221;center&#8221; link_option_url=&#8221;https:\/\/quantum-optimiser.com\/de\/wissenschaft-und-forschung\/tiere\/&#8221; hover_enabled=&#8221;0&#8243; locked=&#8221;off&#8221; sticky_enabled=&#8221;0&#8243;]<\/p>\n<p><i class=\"fas fa-chevron-down fa-2x\"><\/i><\/p>\n<p>[\/et_pb_text][\/et_pb_column][et_pb_column type=&#8221;1_2&#8243; _builder_version=&#8221;4.9.4&#8243; _module_preset=&#8221;default&#8221;][et_pb_image src=&#8221;https:\/\/quantum-optimiser.com\/wp-content\/uploads\/2021\/04\/80px-creator-grey.png&#8221; title_text=&#8221;80px-ersteller-grau&#8221; align=&#8221;center&#8221; _builder_version=&#8221;4.9.4&#8243; _module_preset=&#8221;default&#8221; custom_margin=&#8221;||-1px|||&#8221; hover_enabled=&#8221;0&#8243; sticky_enabled=&#8221;0&#8243;][\/et_pb_image][et_pb_text _builder_version=&#8221;4.9.4&#8243; _module_preset=&#8221;default&#8221; header_2_font=&#8221;Poppins|200||on|||||&#8221; header_2_text_align=&#8221;center&#8221; header_2_text_color=&#8221;#282828&#8243; header_2_font_size=&#8221;20px&#8221; header_2_letter_spacing=&#8221;1px&#8221; header_2_line_height=&#8221;1.2em&#8221; custom_margin=&#8221;||-1px|||&#8221; custom_padding=&#8221;4px||10px||false|false&#8221; hover_enabled=&#8221;0&#8243; locked=&#8221;off&#8221; sticky_enabled=&#8221;0&#8243;]<\/p>\n<h2>Die Designer<\/h2>\n<p>[\/et_pb_text][et_pb_text _builder_version=&#8221;4.9.4&#8243; _module_preset=&#8221;default&#8221; hover_enabled=&#8221;0&#8243; locked=&#8221;off&#8221; sticky_enabled=&#8221;0&#8243;]<\/p>\n<p>Sie lassen uns an ihren langj\u00e4hrigen Forschungen und Erfahrungen mit der menschlichen Natur teilhaben. Sie erm\u00f6glichen es uns, einen anderen Blick auf unsere Transformation zu werfen.<\/p>\n<p>[\/et_pb_text][et_pb_text _builder_version=&#8221;4.9.4&#8243; _module_preset=&#8221;default&#8221; text_orientation=&#8221;center&#8221; link_option_url=&#8221;https:\/\/quantum-optimiser.com\/de\/wissenschaft-und-forschung\/die-designer\/&#8221; hover_enabled=&#8221;0&#8243; locked=&#8221;off&#8221; sticky_enabled=&#8221;0&#8243;]<\/p>\n<p><i class=\"fas fa-chevron-down fa-2x\"><\/i><\/p>\n<p>[\/et_pb_text][\/et_pb_column][\/et_pb_row][\/et_pb_section]<\/p>\n","protected":false},"excerpt":{"rendered":"<p>Wissenschaft &amp; SucheGrundwissen &#8211; Tests &amp; Studien &#8211; Brosch\u00fcren\t\t\t<!-- Flexy Breadcrumb -->\r\n\t\t\t<div class=\"fbc fbc-page\">\r\n\r\n\t\t\t\t<!-- Breadcrumb wrapper -->\r\n\t\t\t\t<div class=\"fbc-wrap\">\r\n\r\n\t\t\t\t\t<!-- Ordered list-->\r\n\t\t\t\t\t<ol class=\"fbc-items\" itemscope itemtype=\"https:\/\/schema.org\/BreadcrumbList\">\r\n\t\t\t\t\t\t            <li itemprop=\"itemListElement\" itemscope itemtype=\"https:\/\/schema.org\/ListItem\">\r\n                <span itemprop=\"name\">\r\n                    <!-- Home Link -->\r\n                    <a itemprop=\"item\" href=\"https:\/\/quantum-optimiser.com\">\r\n                    \r\n                                                    <i class=\"fa fa-home\" aria-hidden=\"true\"><\/i>Home                    <\/a>\r\n                <\/span>\r\n                <meta itemprop=\"position\" content=\"1\" \/><!-- Meta Position-->\r\n             <\/li><li><span class=\"fbc-separator\">\/<\/span><\/li><li class=\"active\" itemprop=\"itemListElement\" itemscope itemtype=\"https:\/\/schema.org\/ListItem\"><span itemprop=\"name\" title=\"Wissenschaft und Forschung\">Wissenschaft und Forschung<\/span><meta itemprop=\"position\" content=\"2\" \/><\/li>\t\t\t\t\t<\/ol>\r\n\t\t\t\t\t<div class=\"clearfix\"><\/div>\r\n\t\t\t\t<\/div>\r\n\t\t\t<\/div>\r\n\t\t\tGrundwissenHerausfinden der wichtigsten Funktionsprinzipien der angebotenen Produkte und ihrer spezifischen Eigenschaften. Es k\u00f6nnen auch Ratschl\u00e4ge zur Verwendung gegeben werden;Tests &amp; StudienAlle bisher durchgef\u00fchrten wissenschaftlichen Studien. Sie heben die tats\u00e4chliche Wirksamkeit der auf der Website vorgestellten Produkte hervor und helfen, ihre Wirkungsweise zu verstehen.Brosch\u00fcrenAusf\u00fchrliche Brosch\u00fcren, die Sie \u00fcber [&hellip;]<\/p>\n","protected":false},"author":1,"featured_media":0,"parent":0,"menu_order":0,"comment_status":"closed","ping_status":"closed","template":"","meta":{"_et_pb_use_builder":"on","_et_pb_old_content":"","_et_gb_content_width":"","footnotes":""},"yoast_head":"<!-- This site is optimized with the Yoast SEO plugin v22.6 - https:\/\/yoast.com\/wordpress\/plugins\/seo\/ -->\n<title>Wissenschaft und Forschung - Quantum Optimiser<\/title>\n<meta name=\"robots\" content=\"index, follow, max-snippet:-1, max-image-preview:large, max-video-preview:-1\" \/>\n<link rel=\"canonical\" href=\"https:\/\/quantum-optimiser.com\/de\/wissenschaft-und-forschung\/\" \/>\n<meta property=\"og:locale\" content=\"de_DE\" \/>\n<meta property=\"og:type\" content=\"article\" \/>\n<meta property=\"og:title\" content=\"Wissenschaft und Forschung - Quantum Optimiser\" \/>\n<meta property=\"og:description\" content=\"Wissenschaft &amp; SucheGrundwissen - Tests &amp; Studien - Brosch\u00fcrenGrundwissenHerausfinden der wichtigsten Funktionsprinzipien der angebotenen Produkte und ihrer spezifischen Eigenschaften. Es k\u00f6nnen auch Ratschl\u00e4ge zur Verwendung gegeben werden;Tests &amp; StudienAlle bisher durchgef\u00fchrten wissenschaftlichen Studien. Sie heben die tats\u00e4chliche Wirksamkeit der auf der Website vorgestellten Produkte hervor und helfen, ihre Wirkungsweise zu verstehen.Brosch\u00fcrenAusf\u00fchrliche Brosch\u00fcren, die Sie \u00fcber [&hellip;]\" \/>\n<meta property=\"og:url\" content=\"https:\/\/quantum-optimiser.com\/de\/wissenschaft-und-forschung\/\" \/>\n<meta property=\"og:site_name\" content=\"Quantum Optimiser\" \/>\n<meta property=\"article:modified_time\" content=\"2021-09-25T07:35:21+00:00\" \/>\n<meta name=\"twitter:card\" content=\"summary_large_image\" \/>\n<meta name=\"twitter:label1\" content=\"Gesch\u00e4tzte Lesezeit\" \/>\n\t<meta name=\"twitter:data1\" content=\"5\u00a0Minuten\" \/>\n<script type=\"application\/ld+json\" class=\"yoast-schema-graph\">{\"@context\":\"https:\/\/schema.org\",\"@graph\":[{\"@type\":\"WebPage\",\"@id\":\"https:\/\/quantum-optimiser.com\/de\/wissenschaft-und-forschung\/\",\"url\":\"https:\/\/quantum-optimiser.com\/de\/wissenschaft-und-forschung\/\",\"name\":\"Wissenschaft und Forschung - Quantum Optimiser\",\"isPartOf\":{\"@id\":\"https:\/\/quantum-optimiser.com\/de\/#website\"},\"datePublished\":\"2021-09-10T14:21:15+00:00\",\"dateModified\":\"2021-09-25T07:35:21+00:00\",\"breadcrumb\":{\"@id\":\"https:\/\/quantum-optimiser.com\/de\/wissenschaft-und-forschung\/#breadcrumb\"},\"inLanguage\":\"de\",\"potentialAction\":[{\"@type\":\"ReadAction\",\"target\":[\"https:\/\/quantum-optimiser.com\/de\/wissenschaft-und-forschung\/\"]}]},{\"@type\":\"BreadcrumbList\",\"@id\":\"https:\/\/quantum-optimiser.com\/de\/wissenschaft-und-forschung\/#breadcrumb\",\"itemListElement\":[{\"@type\":\"ListItem\",\"position\":1,\"name\":\"Accueil\",\"item\":\"https:\/\/quantum-optimiser.com\/de\/\"},{\"@type\":\"ListItem\",\"position\":2,\"name\":\"Wissenschaft und Forschung\"}]},{\"@type\":\"WebSite\",\"@id\":\"https:\/\/quantum-optimiser.com\/de\/#website\",\"url\":\"https:\/\/quantum-optimiser.com\/de\/\",\"name\":\"Quantum Optimiser\",\"description\":\"Tout ce qui vit, vibre !\",\"publisher\":{\"@id\":\"https:\/\/quantum-optimiser.com\/de\/#organization\"},\"potentialAction\":[{\"@type\":\"SearchAction\",\"target\":{\"@type\":\"EntryPoint\",\"urlTemplate\":\"https:\/\/quantum-optimiser.com\/de\/?s={search_term_string}\"},\"query-input\":\"required name=search_term_string\"}],\"inLanguage\":\"de\"},{\"@type\":\"Organization\",\"@id\":\"https:\/\/quantum-optimiser.com\/de\/#organization\",\"name\":\"Quantum Optimiser\",\"url\":\"https:\/\/quantum-optimiser.com\/de\/\",\"logo\":{\"@type\":\"ImageObject\",\"inLanguage\":\"de\",\"@id\":\"https:\/\/quantum-optimiser.com\/de\/#\/schema\/logo\/image\/\",\"url\":\"https:\/\/quantum-optimiser.com\/wp-content\/uploads\/2021\/04\/Logo-quantum-optimiser-wood-black-color-lueur3.png\",\"contentUrl\":\"https:\/\/quantum-optimiser.com\/wp-content\/uploads\/2021\/04\/Logo-quantum-optimiser-wood-black-color-lueur3.png\",\"width\":1200,\"height\":700,\"caption\":\"Quantum Optimiser\"},\"image\":{\"@id\":\"https:\/\/quantum-optimiser.com\/de\/#\/schema\/logo\/image\/\"}}]}<\/script>\n<!-- \/ Yoast SEO plugin. -->","yoast_head_json":{"title":"Wissenschaft und Forschung - Quantum Optimiser","robots":{"index":"index","follow":"follow","max-snippet":"max-snippet:-1","max-image-preview":"max-image-preview:large","max-video-preview":"max-video-preview:-1"},"canonical":"https:\/\/quantum-optimiser.com\/de\/wissenschaft-und-forschung\/","og_locale":"de_DE","og_type":"article","og_title":"Wissenschaft und Forschung - Quantum Optimiser","og_description":"Wissenschaft &amp; SucheGrundwissen - Tests &amp; Studien - Brosch\u00fcrenGrundwissenHerausfinden der wichtigsten Funktionsprinzipien der angebotenen Produkte und ihrer spezifischen Eigenschaften. Es k\u00f6nnen auch Ratschl\u00e4ge zur Verwendung gegeben werden;Tests &amp; StudienAlle bisher durchgef\u00fchrten wissenschaftlichen Studien. Sie heben die tats\u00e4chliche Wirksamkeit der auf der Website vorgestellten Produkte hervor und helfen, ihre Wirkungsweise zu verstehen.Brosch\u00fcrenAusf\u00fchrliche Brosch\u00fcren, die Sie \u00fcber [&hellip;]","og_url":"https:\/\/quantum-optimiser.com\/de\/wissenschaft-und-forschung\/","og_site_name":"Quantum Optimiser","article_modified_time":"2021-09-25T07:35:21+00:00","twitter_card":"summary_large_image","twitter_misc":{"Gesch\u00e4tzte Lesezeit":"5\u00a0Minuten"},"schema":{"@context":"https:\/\/schema.org","@graph":[{"@type":"WebPage","@id":"https:\/\/quantum-optimiser.com\/de\/wissenschaft-und-forschung\/","url":"https:\/\/quantum-optimiser.com\/de\/wissenschaft-und-forschung\/","name":"Wissenschaft und Forschung - Quantum Optimiser","isPartOf":{"@id":"https:\/\/quantum-optimiser.com\/de\/#website"},"datePublished":"2021-09-10T14:21:15+00:00","dateModified":"2021-09-25T07:35:21+00:00","breadcrumb":{"@id":"https:\/\/quantum-optimiser.com\/de\/wissenschaft-und-forschung\/#breadcrumb"},"inLanguage":"de","potentialAction":[{"@type":"ReadAction","target":["https:\/\/quantum-optimiser.com\/de\/wissenschaft-und-forschung\/"]}]},{"@type":"BreadcrumbList","@id":"https:\/\/quantum-optimiser.com\/de\/wissenschaft-und-forschung\/#breadcrumb","itemListElement":[{"@type":"ListItem","position":1,"name":"Accueil","item":"https:\/\/quantum-optimiser.com\/de\/"},{"@type":"ListItem","position":2,"name":"Wissenschaft und Forschung"}]},{"@type":"WebSite","@id":"https:\/\/quantum-optimiser.com\/de\/#website","url":"https:\/\/quantum-optimiser.com\/de\/","name":"Quantum Optimiser","description":"Tout ce qui vit, vibre !","publisher":{"@id":"https:\/\/quantum-optimiser.com\/de\/#organization"},"potentialAction":[{"@type":"SearchAction","target":{"@type":"EntryPoint","urlTemplate":"https:\/\/quantum-optimiser.com\/de\/?s={search_term_string}"},"query-input":"required name=search_term_string"}],"inLanguage":"de"},{"@type":"Organization","@id":"https:\/\/quantum-optimiser.com\/de\/#organization","name":"Quantum Optimiser","url":"https:\/\/quantum-optimiser.com\/de\/","logo":{"@type":"ImageObject","inLanguage":"de","@id":"https:\/\/quantum-optimiser.com\/de\/#\/schema\/logo\/image\/","url":"https:\/\/quantum-optimiser.com\/wp-content\/uploads\/2021\/04\/Logo-quantum-optimiser-wood-black-color-lueur3.png","contentUrl":"https:\/\/quantum-optimiser.com\/wp-content\/uploads\/2021\/04\/Logo-quantum-optimiser-wood-black-color-lueur3.png","width":1200,"height":700,"caption":"Quantum Optimiser"},"image":{"@id":"https:\/\/quantum-optimiser.com\/de\/#\/schema\/logo\/image\/"}}]}},"_links":{"self":[{"href":"https:\/\/quantum-optimiser.com\/de\/wp-json\/wp\/v2\/pages\/32944"}],"collection":[{"href":"https:\/\/quantum-optimiser.com\/de\/wp-json\/wp\/v2\/pages"}],"about":[{"href":"https:\/\/quantum-optimiser.com\/de\/wp-json\/wp\/v2\/types\/page"}],"author":[{"embeddable":true,"href":"https:\/\/quantum-optimiser.com\/de\/wp-json\/wp\/v2\/users\/1"}],"replies":[{"embeddable":true,"href":"https:\/\/quantum-optimiser.com\/de\/wp-json\/wp\/v2\/comments?post=32944"}],"version-history":[{"count":6,"href":"https:\/\/quantum-optimiser.com\/de\/wp-json\/wp\/v2\/pages\/32944\/revisions"}],"predecessor-version":[{"id":33244,"href":"https:\/\/quantum-optimiser.com\/de\/wp-json\/wp\/v2\/pages\/32944\/revisions\/33244"}],"wp:attachment":[{"href":"https:\/\/quantum-optimiser.com\/de\/wp-json\/wp\/v2\/media?parent=32944"}],"curies":[{"name":"wp","href":"https:\/\/api.w.org\/{rel}","templated":true}]}}