{"id":32928,"date":"2021-09-10T14:56:41","date_gmt":"2021-09-10T12:56:41","guid":{"rendered":"https:\/\/quantum-optimiser.com\/die-designer\/"},"modified":"2021-09-10T14:56:47","modified_gmt":"2021-09-10T12:56:47","slug":"die-designer","status":"publish","type":"page","link":"https:\/\/quantum-optimiser.com\/de\/wissenschaft-und-forschung\/die-designer\/","title":{"rendered":"Die Designer"},"content":{"rendered":"<p>[et_pb_section fb_built=&#8221;1&#8243; _builder_version=&#8221;4.9.4&#8243; _module_preset=&#8221;default&#8221; background_color=&#8221;RGBA(0,0,0,0)&#8221; background_image=&#8221;https:\/\/quantum-optimiser.com\/wp-content\/uploads\/2021\/04\/header-createurs-color.jpg&#8221; custom_padding=&#8221;0px||0px||false|false&#8221; hover_enabled=&#8221;0&#8243; locked=&#8221;off&#8221; title_text=&#8221;header-cr\u00e9ateurs-color&#8221; sticky_enabled=&#8221;0&#8243;][et_pb_row _builder_version=&#8221;4.9.4&#8243; _module_preset=&#8221;default&#8221; max_width=&#8221;1084px&#8221; custom_margin=&#8221;||||false|false&#8221; custom_padding=&#8221;||||false|false&#8221;][et_pb_column type=&#8221;4_4&#8243; _builder_version=&#8221;4.9.3&#8243; _module_preset=&#8221;default&#8221;][et_pb_text _builder_version=&#8221;4.9.4&#8243; _module_preset=&#8221;default&#8221; header_font=&#8221;Playfair Display||||||||&#8221; header_text_align=&#8221;center&#8221; header_text_color=&#8221;#FFFFFF&#8221; header_font_size=&#8221;60px&#8221; custom_padding=&#8221;3vw||||false|false&#8221; hover_enabled=&#8221;0&#8243; header_text_shadow_style=&#8221;preset1&#8243; sticky_enabled=&#8221;0&#8243;]<\/p>\n<h1>Gestalter<br \/>\n&amp;<br \/>\nForscher<\/h1>\n<p>[\/et_pb_text][et_pb_divider color=&#8221;#FFFFFF&#8221; divider_position=&#8221;center&#8221; divider_weight=&#8221;1px&#8221; _builder_version=&#8221;4.9.4&#8243; _module_preset=&#8221;default&#8221; width=&#8221;5%&#8221; max_width=&#8221;5%&#8221; module_alignment=&#8221;center&#8221;][\/et_pb_divider][et_pb_text _builder_version=&#8221;4.9.4&#8243; _module_preset=&#8221;default&#8221; header_2_font=&#8221;Poppins|200|||||||&#8221; header_2_text_align=&#8221;center&#8221; header_2_text_color=&#8221;#FFFFFF&#8221; header_2_font_size=&#8221;20px&#8221; custom_padding=&#8221;||3vw||false|false&#8221; hover_enabled=&#8221;0&#8243; sticky_enabled=&#8221;0&#8243;]<\/p>\n<h2><span>Sie setzen sich f\u00fcr eine bessere Welt ein<\/span><\/h2>\n<p>[\/et_pb_text][\/et_pb_column][\/et_pb_row][\/et_pb_section][et_pb_section fb_built=&#8221;1&#8243; _builder_version=&#8221;4.9.3&#8243; _module_preset=&#8221;default&#8221; custom_padding=&#8221;7px|||||&#8221;][et_pb_row _builder_version=&#8221;4.9.3&#8243; _module_preset=&#8221;default&#8221; custom_padding=&#8221;22px|||||&#8221; locked=&#8221;off&#8221;][et_pb_column type=&#8221;4_4&#8243; _builder_version=&#8221;4.9.3&#8243; _module_preset=&#8221;default&#8221;][et_pb_code _builder_version=&#8221;4.9.3&#8243; _module_preset=&#8221;default&#8221;]\t\t\t<!-- Flexy Breadcrumb -->\r\n\t\t\t<div class=\"fbc fbc-page\">\r\n\r\n\t\t\t\t<!-- Breadcrumb wrapper -->\r\n\t\t\t\t<div class=\"fbc-wrap\">\r\n\r\n\t\t\t\t\t<!-- Ordered list-->\r\n\t\t\t\t\t<ol class=\"fbc-items\" itemscope itemtype=\"https:\/\/schema.org\/BreadcrumbList\">\r\n\t\t\t\t\t\t            <li itemprop=\"itemListElement\" itemscope itemtype=\"https:\/\/schema.org\/ListItem\">\r\n                <span itemprop=\"name\">\r\n                    <!-- Home Link -->\r\n                    <a itemprop=\"item\" href=\"https:\/\/quantum-optimiser.com\">\r\n                    \r\n                                                    <i class=\"fa fa-home\" aria-hidden=\"true\"><\/i>Home                    <\/a>\r\n                <\/span>\r\n                <meta itemprop=\"position\" content=\"1\" \/><!-- Meta Position-->\r\n             <\/li><li><span class=\"fbc-separator\">\/<\/span><\/li><li class=\"active\" itemprop=\"itemListElement\" itemscope itemtype=\"https:\/\/schema.org\/ListItem\"><span itemprop=\"name\" title=\"Die Designer\">Die Designer<\/span><meta itemprop=\"position\" content=\"2\" \/><\/li>\t\t\t\t\t<\/ol>\r\n\t\t\t\t\t<div class=\"clearfix\"><\/div>\r\n\t\t\t\t<\/div>\r\n\t\t\t<\/div>\r\n\t\t\t[\/et_pb_code][\/et_pb_column][\/et_pb_row][et_pb_row _builder_version=&#8221;4.9.3&#8243; _module_preset=&#8221;default&#8221;][et_pb_column type=&#8221;4_4&#8243; _builder_version=&#8221;4.9.3&#8243; _module_preset=&#8221;default&#8221;][et_pb_text _builder_version=&#8221;4.9.3&#8243; _module_preset=&#8221;default&#8221;]<\/p>\n<p>Aus Gr\u00fcnden der Diskretion und des Forschungsschutzes wollten die Designer ihren Familiennamen nicht weitergeben.<\/p>\n<p>Wir z\u00e4hlen auf Ihr Verst\u00e4ndnis.<\/p>\n<p>[\/et_pb_text][\/et_pb_column][\/et_pb_row][et_pb_row column_structure=&#8221;1_2,1_2&#8243; _builder_version=&#8221;4.9.3&#8243; _module_preset=&#8221;default&#8221;][et_pb_column type=&#8221;1_2&#8243; _builder_version=&#8221;4.9.3&#8243; _module_preset=&#8221;default&#8221;][et_pb_text _builder_version=&#8221;4.9.3&#8243; _module_preset=&#8221;default&#8221; text_font=&#8221;Poppins||||||||&#8221; header_2_font=&#8221;Poppins||||||||&#8221; header_2_text_color=&#8221;#6e430e&#8221; text_orientation=&#8221;center&#8221;]<\/p>\n<h2>Jean-Pierre B.<\/h2>\n<p><strong>Wandler-Designer<\/strong><\/p>\n<p>[\/et_pb_text][et_pb_text _builder_version=&#8221;4.9.3&#8243; _module_preset=&#8221;default&#8221; custom_padding=&#8221;||0px|||&#8221;]<\/p>\n<h3>Herkunft:<\/h3>\n<p>Die Wandler wurden von dem in Belgien geborenen Forscher <strong>Jean-Pierre B.<\/strong>konzipiert und entwickelt.<\/p>\n<p>Jean-Pierre ist eine F\u00fchrungskraft in der Computerbranche, spezialisiert auf industrielle Logik und Hardware, und war unter anderem technisch f\u00fcr den reibungslosen Betrieb eines wichtigen Computersystems am Flughafen Br\u00fcssel verantwortlich.<\/p>\n<p>Die sehr einschr\u00e4nkenden Folgen einer Autoimmunerkrankung f\u00fchrten ihn zu anderen Therapieans\u00e4tzen.<\/p>\n<p>Nachdem er recht schnell erkannt hatte, dass das herk\u00f6mmliche medizinische System keine brauchbare L\u00f6sung bieten w\u00fcrde, beschloss er, seine Gesundheit selbst in die Hand zu nehmen.<\/p>\n<p>Wenn er ein Thema nicht kennt, ist seine bevorzugte Methode, sich zu informieren, nichts auf den ersten Blick zu &#8220;verwerfen&#8221; und durch Vergleiche vorzugehen.<\/p>\n<p>Er konnte verschiedene Zeugnisse von Menschen sammeln, die von sogenannten &#8220;unheilbaren&#8221; Krankheiten geheilt worden waren.<\/p>\n<p>Nachdem er die Gemeinsamkeiten gefunden hatte, entwickelte er seine eigene Forschungsrichtung.<\/p>\n<p>Sein Hauptmerkmal ist, dass er in allen Bereichen, die er in Angriff genommen hat, fast Autodidakt ist!<\/p>\n<p>Es ist also die Synthese unz\u00e4hliger Jahre des Experimentierens und \u00dcberpr\u00fcfens, die es ihm erm\u00f6glicht hat, seine aktuellen Ger\u00e4te zu entwickeln, zu denen auch die Wandler geh\u00f6ren.<\/p>\n<p>[\/et_pb_text][et_pb_image src=&#8221;https:\/\/quantum-optimiser.com\/wp-content\/uploads\/2021\/04\/ensemble-transducteurs.jpg&#8221; title_text=&#8221;Getriebemontage&#8221; align=&#8221;center&#8221; _builder_version=&#8221;4.9.3&#8243; _module_preset=&#8221;default&#8221; width=&#8221;80%&#8221;][\/et_pb_image][et_pb_text _builder_version=&#8221;4.9.3&#8243; _module_preset=&#8221;default&#8221;]<\/p>\n<p>Auch wenn sie auf Verfahren zur\u00fcckgreift, die derzeit au\u00dferhalb der Reichweite der &#8220;Mainstream&#8221;-Wissenschaft liegen, so zielt sie doch darauf ab, nachweisbare Auswirkungen auf die physische Welt zu erzielen.<\/p>\n<p>Das Wichtigste ist seiner Meinung nach, dass die Auswirkungen eines an einem Menschen getesteten Ger\u00e4ts so schnell wie m\u00f6glich und auf nicht-invasive Weise validiert werden k\u00f6nnen!<\/p>\n<p>Er benutzte unter anderem ein Elektroakupunkturger\u00e4t von Voll, um seine Kontrollen durchzuf\u00fchren.<br \/>Jean-Pierre arbeitet aktiv mit hochrangigen Forschern und Spezialisten zusammen, die ihr komplement\u00e4res Wissen in Bereichen wie Quantenbiologie, Dunkelfeldmikroskopie-Analyse von lebendem Blut, Elektroakupunktur nach Voll, Bioresonanzger\u00e4te usw. einbringen.<\/p>\n<p>In diesem Zusammenhang arbeitet er eng mit einem Team von Wissenschaftlern in der Schweiz zusammen, die seine Ger\u00e4te testen, validieren und die Verantwortung f\u00fcr deren Herstellung und Vertrieb \u00fcbernehmen.<\/p>\n<p>So kann sie sich parallel zur Forschung und Entwicklung vor allem auf die Programmierung der Ger\u00e4te konzentrieren.<\/p>\n<p>Jean-Pierre ist ein zutiefst spiritueller Mensch, bescheiden und begierig, sein Wissen mit anderen zu teilen.<\/p>\n<p>Ein Projekt zur Weiterf\u00fchrung der Arbeit von Dr. Raoul Nassar (1952-2020) vom Isahe-Zentrum<a href=\"https:\/\/isahe.com\/\">(www.isahe.com<\/a>) in Gembloux (BE) wird derzeit gepr\u00fcft. Dr. Nassar ist es zu verdanken, dass die entscheidenden Treffen stattfanden, die dieses Projekt erm\u00f6glichten.<\/p>\n<p>[\/et_pb_text][\/et_pb_column][et_pb_column type=&#8221;1_2&#8243; _builder_version=&#8221;4.9.3&#8243; _module_preset=&#8221;default&#8221;][et_pb_text _builder_version=&#8221;4.9.3&#8243; _module_preset=&#8221;default&#8221; text_font=&#8221;Poppins||||||||&#8221; header_2_font=&#8221;Poppins||||||||&#8221; header_2_text_color=&#8221;#6e430e&#8221; text_orientation=&#8221;center&#8221;]<\/p>\n<h2>Jean-Pierre C.<\/h2>\n<p><strong>Designer der Stimmgabeln<\/strong><\/p>\n<p>[\/et_pb_text][et_pb_text _builder_version=&#8221;4.9.3&#8243; _module_preset=&#8221;default&#8221;]<\/p>\n<h3>Herkunft:<\/h3>\n<p>Die Stimmgabeln wurden von dem italienisch-franz\u00f6sischen Forscher <strong>Jean-Pierre C<\/strong>. entwickelt, einem gelernten Elektriker und Elektromechaniker, der auch ein Wirtschaftsstudium mit Spezialisierung auf Versicherungen absolvierte.<\/p>\n<p>Als Psycho-Energetiker war er schon immer daran interessiert, anderen zu helfen, auf ihrem evolution\u00e4ren Weg voranzukommen, auch in Bezug auf ihre Gesundheit, insbesondere durch Psycho-Genealogie, die das Studium von Blutsbanden und Akasha-Erinnerungen beinhaltet.<\/p>\n<p>Er st\u00fctzte sich auch stark auf die Prinzipien der heiligen Geometrie, die es ihm erm\u00f6glichten, das gesamte Universum in seinem umfassendsten Verst\u00e4ndnis, einschlie\u00dflich Neutrinos und Skalarwellen, zu verweben.<br \/>Er ist sehr sensibel f\u00fcr Schwingungen und die verschiedenen Energieformen, die ihn umgeben, und hat sich auch auf das W\u00fcnschelrutengehen und die Praxis der Prana-Therapie spezialisiert, sowie auf die therapeutische Energie der Kristalle, die f\u00fcr ihn wichtige Informationstr\u00e4ger sind.<\/p>\n<p>Jean-Pierre C. hat auch zahlreiche Kontakte zu Wissenschaftlern und Kreativen in verschiedenen Bereichen gekn\u00fcpft, insbesondere bei der Untersuchung der Auswirkungen von Schallwellen auf einen lebenden Organismus.<br \/>Auf der Grundlage von mehr als 40 Jahren Forschung, Erfahrung, Beobachtung und Sorgfalt konnte er die heute auf dem Markt erh\u00e4ltlichen Nieder- und Hochfrequenz-Stimmgabeln entwickeln.<\/p>\n<p>[\/et_pb_text][et_pb_image src=&#8221;https:\/\/quantum-optimiser.com\/wp-content\/uploads\/2021\/04\/diapason-pendentif.jpg&#8221; title_text=&#8221;Stimmgabel-Anh\u00e4nger&#8221; _builder_version=&#8221;4.9.3&#8243; _module_preset=&#8221;default&#8221; width=&#8221;80%&#8221;][\/et_pb_image][et_pb_text _builder_version=&#8221;4.9.3&#8243; _module_preset=&#8221;default&#8221;]<\/p>\n<h3>Funktionsprinzipien:<\/h3>\n<p>Seine Arbeit (einschlie\u00dflich der Herstellung von Stimmgabeln) basiert auf drei Prinzipien, die er immer wieder gerne wiederholt:<\/p>\n<ul style=\"list-style-type: lower-alpha\">\n<li>Die Analyse<\/li>\n<li>Teilen<\/li>\n<li>Liebe<\/li>\n<\/ul>\n<p>sowohl f\u00fcr sich selbst als auch f\u00fcr andere.<\/p>\n<p>Um die Bedeutung und die Tragweite des Begriffs vollst\u00e4ndig zu verstehen, reicht es aus, die entgegengesetzten Begriffe zu erw\u00e4hnen, die sich daraus ergeben w\u00fcrden:<\/p>\n<ul style=\"list-style-type: lower-alpha\">\n<li>Das Urteil<\/li>\n<li>Egoismus<\/li>\n<li>Abneigung (oder Angst!)<\/li>\n<\/ul>\n<p>Diese Leitprinzipien (oder Rahmen) werden durch die strikte Einhaltung der 5 Gesetze, die das Universum regieren, erg\u00e4nzt:<\/p>\n<ol>\n<li>Sich selbst<strong>lieben<\/strong>, um andere zu lieben<\/li>\n<li>F\u00fcr jede <strong>Aktion<\/strong> gibt es eine <strong>Reaktion<\/strong>, denn alles muss in Einheit sein<\/li>\n<li>Entscheidungen: Ob wir uns dessen bewusst sind oder nicht, jede Sekunde unseres Lebens wird von den Entscheidungen (oder Nicht-Entscheidungen) bestimmt, die wir treffen, insbesondere in Bezug auf die drei oben genannten Prinzipien: Analyse oder Beurteilung, Teilen oder Egoismus, Liebe oder Nicht-Liebe (Angst). Man kann entweder in dem einen oder in dem anderen sein, aber nicht in beiden zur gleichen Zeit!<br \/>Aus unseren Entscheidungen ergeben sich unsere Handlungen, und aus unseren Handlungen ergibt sich unsere Entwicklung. Seien wir uns dessen in unserem t\u00e4glichen Leben bewusst, denn unsere Gedanken schaffen unsere Zukunft!<\/li>\n<li>Was<strong> \u00e4hnlich<\/strong> ist<strong>, kommt zusammen<\/strong> (nach der ber\u00fchmten lateinischen Formel: similaris similaribus attractantur!).<\/li>\n<li>&#8221; <strong>Was unten ist, ist wie das, was oben ist, und was oben ist, ist wie das, was unten ist<\/strong>. Dieses ber\u00fchmte Zitat von Hermes Trismegistus (einer mythischen Figur aus der griechisch-\u00e4gyptischen Antike, der eine Reihe von Texten, die Hermetica genannt werden, zugeschrieben werden, von denen das Corpus Hermeticum, eine Sammlung mystisch-philosophischer Abhandlungen, und die Smaragdtafel am bekanntesten sind), veranschaulicht perfekt die Prinzipien des Global Scaling, d. h. dass das unendlich Kleine (Atome) durch die Beobachtung von Fraktalen ein Abbild des unendlich Gro\u00dfen (Galaxien) ist.<\/li>\n<\/ol>\n<p><strong>Bezug<\/strong>: M\u00fcller, Hartmut. &#8220;Kettensysteme aus harmonischen Quantenoszillatoren als fraktales Modell der Materie und der globalen Skalierung in der Biophysik&#8221;. Fortschritte in der Physik, Vol. 13, no. 4, 2017, p. 231+. Gale Academic OneFile, . Abgerufen am 6. April 2021.<\/p>\n<h3>Schlussfolgerung:<\/h3>\n<p>Die Anwendung aller oben dargestellten Eigenschaften, Werte und Prinzipien hat das gemeinsame Ziel, jedes gest\u00f6rte System wieder ins Gleichgewicht zu bringen, um sein bestes Potenzial und seine Autonomie zum Ausdruck zu bringen, wobei zu beachten ist, dass nichts erreicht werden kann, ohne vor allem die Energie der Liebe anzurufen!<\/p>\n<p>[\/et_pb_text][\/et_pb_column][\/et_pb_row][\/et_pb_section]<\/p>\n","protected":false},"excerpt":{"rendered":"<p>Gestalter &amp; ForscherSie setzen sich f\u00fcr eine bessere Welt ein\t\t\t<!-- Flexy Breadcrumb -->\r\n\t\t\t<div class=\"fbc fbc-page\">\r\n\r\n\t\t\t\t<!-- Breadcrumb wrapper -->\r\n\t\t\t\t<div class=\"fbc-wrap\">\r\n\r\n\t\t\t\t\t<!-- Ordered list-->\r\n\t\t\t\t\t<ol class=\"fbc-items\" itemscope itemtype=\"https:\/\/schema.org\/BreadcrumbList\">\r\n\t\t\t\t\t\t            <li itemprop=\"itemListElement\" itemscope itemtype=\"https:\/\/schema.org\/ListItem\">\r\n                <span itemprop=\"name\">\r\n                    <!-- Home Link -->\r\n                    <a itemprop=\"item\" href=\"https:\/\/quantum-optimiser.com\">\r\n                    \r\n                                                    <i class=\"fa fa-home\" aria-hidden=\"true\"><\/i>Home                    <\/a>\r\n                <\/span>\r\n                <meta itemprop=\"position\" content=\"1\" \/><!-- Meta Position-->\r\n             <\/li><li><span class=\"fbc-separator\">\/<\/span><\/li><li class=\"active\" itemprop=\"itemListElement\" itemscope itemtype=\"https:\/\/schema.org\/ListItem\"><span itemprop=\"name\" title=\"Die Designer\">Die Designer<\/span><meta itemprop=\"position\" content=\"2\" \/><\/li>\t\t\t\t\t<\/ol>\r\n\t\t\t\t\t<div class=\"clearfix\"><\/div>\r\n\t\t\t\t<\/div>\r\n\t\t\t<\/div>\r\n\t\t\tAus Gr\u00fcnden der Diskretion und des Forschungsschutzes wollten die Designer ihren Familiennamen nicht weitergeben. Wir z\u00e4hlen auf Ihr Verst\u00e4ndnis.Jean-Pierre B. Wandler-DesignerHerkunft: Die Wandler wurden von dem in Belgien geborenen Forscher Jean-Pierre B.konzipiert und entwickelt. Jean-Pierre ist eine F\u00fchrungskraft in der Computerbranche, spezialisiert auf industrielle Logik und [&hellip;]<\/p>\n","protected":false},"author":1,"featured_media":0,"parent":32944,"menu_order":0,"comment_status":"closed","ping_status":"closed","template":"","meta":{"_et_pb_use_builder":"on","_et_pb_old_content":"","_et_gb_content_width":"","footnotes":""},"yoast_head":"<!-- This site is optimized with the Yoast SEO plugin v22.6 - https:\/\/yoast.com\/wordpress\/plugins\/seo\/ -->\n<title>Die Designer - Quantum Optimiser<\/title>\n<meta name=\"robots\" content=\"index, follow, max-snippet:-1, max-image-preview:large, max-video-preview:-1\" \/>\n<link rel=\"canonical\" href=\"https:\/\/quantum-optimiser.com\/de\/wissenschaft-und-forschung\/die-designer\/\" \/>\n<meta property=\"og:locale\" content=\"de_DE\" \/>\n<meta property=\"og:type\" content=\"article\" \/>\n<meta property=\"og:title\" content=\"Die Designer - Quantum Optimiser\" \/>\n<meta property=\"og:description\" content=\"Gestalter &amp; ForscherSie setzen sich f\u00fcr eine bessere Welt einAus Gr\u00fcnden der Diskretion und des Forschungsschutzes wollten die Designer ihren Familiennamen nicht weitergeben. Wir z\u00e4hlen auf Ihr Verst\u00e4ndnis.Jean-Pierre B. Wandler-DesignerHerkunft: Die Wandler wurden von dem in Belgien geborenen Forscher Jean-Pierre B.konzipiert und entwickelt. Jean-Pierre ist eine F\u00fchrungskraft in der Computerbranche, spezialisiert auf industrielle Logik und [&hellip;]\" \/>\n<meta property=\"og:url\" content=\"https:\/\/quantum-optimiser.com\/de\/wissenschaft-und-forschung\/die-designer\/\" \/>\n<meta property=\"og:site_name\" content=\"Quantum Optimiser\" \/>\n<meta property=\"article:modified_time\" content=\"2021-09-10T12:56:47+00:00\" \/>\n<meta name=\"twitter:card\" content=\"summary_large_image\" \/>\n<meta name=\"twitter:label1\" content=\"Gesch\u00e4tzte Lesezeit\" \/>\n\t<meta name=\"twitter:data1\" content=\"7\u00a0Minuten\" \/>\n<script type=\"application\/ld+json\" class=\"yoast-schema-graph\">{\"@context\":\"https:\/\/schema.org\",\"@graph\":[{\"@type\":\"WebPage\",\"@id\":\"https:\/\/quantum-optimiser.com\/de\/wissenschaft-und-forschung\/die-designer\/\",\"url\":\"https:\/\/quantum-optimiser.com\/de\/wissenschaft-und-forschung\/die-designer\/\",\"name\":\"Die Designer - Quantum Optimiser\",\"isPartOf\":{\"@id\":\"https:\/\/quantum-optimiser.com\/de\/#website\"},\"datePublished\":\"2021-09-10T12:56:41+00:00\",\"dateModified\":\"2021-09-10T12:56:47+00:00\",\"breadcrumb\":{\"@id\":\"https:\/\/quantum-optimiser.com\/de\/wissenschaft-und-forschung\/die-designer\/#breadcrumb\"},\"inLanguage\":\"de\",\"potentialAction\":[{\"@type\":\"ReadAction\",\"target\":[\"https:\/\/quantum-optimiser.com\/de\/wissenschaft-und-forschung\/die-designer\/\"]}]},{\"@type\":\"BreadcrumbList\",\"@id\":\"https:\/\/quantum-optimiser.com\/de\/wissenschaft-und-forschung\/die-designer\/#breadcrumb\",\"itemListElement\":[{\"@type\":\"ListItem\",\"position\":1,\"name\":\"Accueil\",\"item\":\"https:\/\/quantum-optimiser.com\/de\/\"},{\"@type\":\"ListItem\",\"position\":2,\"name\":\"Wissenschaft und Forschung\",\"item\":\"https:\/\/quantum-optimiser.com\/de\/wissenschaft-und-forschung\/\"},{\"@type\":\"ListItem\",\"position\":3,\"name\":\"Die Designer\"}]},{\"@type\":\"WebSite\",\"@id\":\"https:\/\/quantum-optimiser.com\/de\/#website\",\"url\":\"https:\/\/quantum-optimiser.com\/de\/\",\"name\":\"Quantum Optimiser\",\"description\":\"Tout ce qui vit, vibre !\",\"publisher\":{\"@id\":\"https:\/\/quantum-optimiser.com\/de\/#organization\"},\"potentialAction\":[{\"@type\":\"SearchAction\",\"target\":{\"@type\":\"EntryPoint\",\"urlTemplate\":\"https:\/\/quantum-optimiser.com\/de\/?s={search_term_string}\"},\"query-input\":\"required name=search_term_string\"}],\"inLanguage\":\"de\"},{\"@type\":\"Organization\",\"@id\":\"https:\/\/quantum-optimiser.com\/de\/#organization\",\"name\":\"Quantum Optimiser\",\"url\":\"https:\/\/quantum-optimiser.com\/de\/\",\"logo\":{\"@type\":\"ImageObject\",\"inLanguage\":\"de\",\"@id\":\"https:\/\/quantum-optimiser.com\/de\/#\/schema\/logo\/image\/\",\"url\":\"https:\/\/quantum-optimiser.com\/wp-content\/uploads\/2021\/04\/Logo-quantum-optimiser-wood-black-color-lueur3.png\",\"contentUrl\":\"https:\/\/quantum-optimiser.com\/wp-content\/uploads\/2021\/04\/Logo-quantum-optimiser-wood-black-color-lueur3.png\",\"width\":1200,\"height\":700,\"caption\":\"Quantum Optimiser\"},\"image\":{\"@id\":\"https:\/\/quantum-optimiser.com\/de\/#\/schema\/logo\/image\/\"}}]}<\/script>\n<!-- \/ Yoast SEO plugin. -->","yoast_head_json":{"title":"Die Designer - Quantum Optimiser","robots":{"index":"index","follow":"follow","max-snippet":"max-snippet:-1","max-image-preview":"max-image-preview:large","max-video-preview":"max-video-preview:-1"},"canonical":"https:\/\/quantum-optimiser.com\/de\/wissenschaft-und-forschung\/die-designer\/","og_locale":"de_DE","og_type":"article","og_title":"Die Designer - Quantum Optimiser","og_description":"Gestalter &amp; ForscherSie setzen sich f\u00fcr eine bessere Welt einAus Gr\u00fcnden der Diskretion und des Forschungsschutzes wollten die Designer ihren Familiennamen nicht weitergeben. Wir z\u00e4hlen auf Ihr Verst\u00e4ndnis.Jean-Pierre B. Wandler-DesignerHerkunft: Die Wandler wurden von dem in Belgien geborenen Forscher Jean-Pierre B.konzipiert und entwickelt. Jean-Pierre ist eine F\u00fchrungskraft in der Computerbranche, spezialisiert auf industrielle Logik und [&hellip;]","og_url":"https:\/\/quantum-optimiser.com\/de\/wissenschaft-und-forschung\/die-designer\/","og_site_name":"Quantum Optimiser","article_modified_time":"2021-09-10T12:56:47+00:00","twitter_card":"summary_large_image","twitter_misc":{"Gesch\u00e4tzte Lesezeit":"7\u00a0Minuten"},"schema":{"@context":"https:\/\/schema.org","@graph":[{"@type":"WebPage","@id":"https:\/\/quantum-optimiser.com\/de\/wissenschaft-und-forschung\/die-designer\/","url":"https:\/\/quantum-optimiser.com\/de\/wissenschaft-und-forschung\/die-designer\/","name":"Die Designer - Quantum Optimiser","isPartOf":{"@id":"https:\/\/quantum-optimiser.com\/de\/#website"},"datePublished":"2021-09-10T12:56:41+00:00","dateModified":"2021-09-10T12:56:47+00:00","breadcrumb":{"@id":"https:\/\/quantum-optimiser.com\/de\/wissenschaft-und-forschung\/die-designer\/#breadcrumb"},"inLanguage":"de","potentialAction":[{"@type":"ReadAction","target":["https:\/\/quantum-optimiser.com\/de\/wissenschaft-und-forschung\/die-designer\/"]}]},{"@type":"BreadcrumbList","@id":"https:\/\/quantum-optimiser.com\/de\/wissenschaft-und-forschung\/die-designer\/#breadcrumb","itemListElement":[{"@type":"ListItem","position":1,"name":"Accueil","item":"https:\/\/quantum-optimiser.com\/de\/"},{"@type":"ListItem","position":2,"name":"Wissenschaft und Forschung","item":"https:\/\/quantum-optimiser.com\/de\/wissenschaft-und-forschung\/"},{"@type":"ListItem","position":3,"name":"Die Designer"}]},{"@type":"WebSite","@id":"https:\/\/quantum-optimiser.com\/de\/#website","url":"https:\/\/quantum-optimiser.com\/de\/","name":"Quantum Optimiser","description":"Tout ce qui vit, vibre !","publisher":{"@id":"https:\/\/quantum-optimiser.com\/de\/#organization"},"potentialAction":[{"@type":"SearchAction","target":{"@type":"EntryPoint","urlTemplate":"https:\/\/quantum-optimiser.com\/de\/?s={search_term_string}"},"query-input":"required name=search_term_string"}],"inLanguage":"de"},{"@type":"Organization","@id":"https:\/\/quantum-optimiser.com\/de\/#organization","name":"Quantum Optimiser","url":"https:\/\/quantum-optimiser.com\/de\/","logo":{"@type":"ImageObject","inLanguage":"de","@id":"https:\/\/quantum-optimiser.com\/de\/#\/schema\/logo\/image\/","url":"https:\/\/quantum-optimiser.com\/wp-content\/uploads\/2021\/04\/Logo-quantum-optimiser-wood-black-color-lueur3.png","contentUrl":"https:\/\/quantum-optimiser.com\/wp-content\/uploads\/2021\/04\/Logo-quantum-optimiser-wood-black-color-lueur3.png","width":1200,"height":700,"caption":"Quantum Optimiser"},"image":{"@id":"https:\/\/quantum-optimiser.com\/de\/#\/schema\/logo\/image\/"}}]}},"_links":{"self":[{"href":"https:\/\/quantum-optimiser.com\/de\/wp-json\/wp\/v2\/pages\/32928"}],"collection":[{"href":"https:\/\/quantum-optimiser.com\/de\/wp-json\/wp\/v2\/pages"}],"about":[{"href":"https:\/\/quantum-optimiser.com\/de\/wp-json\/wp\/v2\/types\/page"}],"author":[{"embeddable":true,"href":"https:\/\/quantum-optimiser.com\/de\/wp-json\/wp\/v2\/users\/1"}],"replies":[{"embeddable":true,"href":"https:\/\/quantum-optimiser.com\/de\/wp-json\/wp\/v2\/comments?post=32928"}],"version-history":[{"count":0,"href":"https:\/\/quantum-optimiser.com\/de\/wp-json\/wp\/v2\/pages\/32928\/revisions"}],"up":[{"embeddable":true,"href":"https:\/\/quantum-optimiser.com\/de\/wp-json\/wp\/v2\/pages\/32944"}],"wp:attachment":[{"href":"https:\/\/quantum-optimiser.com\/de\/wp-json\/wp\/v2\/media?parent=32928"}],"curies":[{"name":"wp","href":"https:\/\/api.w.org\/{rel}","templated":true}]}}