{"id":32063,"date":"2021-05-19T16:08:39","date_gmt":"2021-05-19T14:08:39","guid":{"rendered":"https:\/\/quantum-optimiser.com\/werden-sie-ein-partner\/"},"modified":"2021-09-25T08:29:27","modified_gmt":"2021-09-25T06:29:27","slug":"werden-sie-ein-partner","status":"publish","type":"page","link":"https:\/\/quantum-optimiser.com\/de\/werden-sie-ein-partner\/","title":{"rendered":"Registrierung von Partnern"},"content":{"rendered":"<p>[et_pb_section fb_built=&#8221;1&#8243; _builder_version=&#8221;4.9.4&#8243; _module_preset=&#8221;default&#8221; background_color=&#8221;RGBA(0,0,0,0)&#8221; background_image=&#8221;https:\/\/quantum-optimiser.com\/wp-content\/uploads\/2021\/04\/header-affiliation-color.jpg&#8221; custom_padding=&#8221;0px||0px||false|false&#8221; locked=&#8221;off&#8221;][et_pb_row _builder_version=&#8221;4.9.4&#8243; _module_preset=&#8221;default&#8221; max_width=&#8221;1084px&#8221; custom_margin=&#8221;||||false|false&#8221; custom_padding=&#8221;||||false|false&#8221;][et_pb_column type=&#8221;4_4&#8243; _builder_version=&#8221;4.9.3&#8243; _module_preset=&#8221;default&#8221;][et_pb_text _builder_version=&#8221;4.9.4&#8243; _module_preset=&#8221;default&#8221; header_font=&#8221;Playfair Display||||||||&#8221; header_text_align=&#8221;center&#8221; header_text_color=&#8221;#FFFFFF&#8221; header_font_size=&#8221;60px&#8221; custom_padding=&#8221;3vw||||false|false&#8221; header_text_shadow_style=&#8221;preset1&#8243;]<\/p>\n<h1>Zugeh\u00f6rigkeit<\/h1>\n<p>[\/et_pb_text][et_pb_divider color=&#8221;#FFFFFF&#8221; divider_position=&#8221;center&#8221; divider_weight=&#8221;1px&#8221; _builder_version=&#8221;4.9.4&#8243; _module_preset=&#8221;default&#8221; width=&#8221;5%&#8221; max_width=&#8221;5%&#8221; module_alignment=&#8221;center&#8221;][\/et_pb_divider][et_pb_text _builder_version=&#8221;4.9.4&#8243; _module_preset=&#8221;default&#8221; header_font=&#8221;Playfair Display||||||||&#8221; header_text_align=&#8221;center&#8221; header_text_color=&#8221;#FFFFFF&#8221; header_font_size=&#8221;60px&#8221; custom_padding=&#8221;0vw||||false|false&#8221; header_text_shadow_style=&#8221;preset1&#8243;]<\/p>\n<h1>Inschrift<\/h1>\n<p>[\/et_pb_text][et_pb_text _builder_version=&#8221;4.9.4&#8243; _module_preset=&#8221;default&#8221; header_2_font=&#8221;Poppins|200|||||||&#8221; header_2_text_align=&#8221;center&#8221; header_2_text_color=&#8221;#FFFFFF&#8221; header_2_font_size=&#8221;20px&#8221; custom_padding=&#8221;29px||3vw||false|false&#8221;][\/et_pb_text][\/et_pb_column][\/et_pb_row][\/et_pb_section][et_pb_section fb_built=&#8221;1&#8243; _builder_version=&#8221;4.9.4&#8243; _module_preset=&#8221;default&#8221;][et_pb_row _builder_version=&#8221;4.9.3&#8243; _module_preset=&#8221;default&#8221; custom_padding=&#8221;22px|||||&#8221; locked=&#8221;off&#8221;][et_pb_column type=&#8221;4_4&#8243; _builder_version=&#8221;4.9.3&#8243; _module_preset=&#8221;default&#8221;][et_pb_code _builder_version=&#8221;4.9.4&#8243; _module_preset=&#8221;default&#8221;]\t\t\t<!-- Flexy Breadcrumb -->\r\n\t\t\t<div class=\"fbc fbc-page\">\r\n\r\n\t\t\t\t<!-- Breadcrumb wrapper -->\r\n\t\t\t\t<div class=\"fbc-wrap\">\r\n\r\n\t\t\t\t\t<!-- Ordered list-->\r\n\t\t\t\t\t<ol class=\"fbc-items\" itemscope itemtype=\"https:\/\/schema.org\/BreadcrumbList\">\r\n\t\t\t\t\t\t            <li itemprop=\"itemListElement\" itemscope itemtype=\"https:\/\/schema.org\/ListItem\">\r\n                <span itemprop=\"name\">\r\n                    <!-- Home Link -->\r\n                    <a itemprop=\"item\" href=\"https:\/\/quantum-optimiser.com\">\r\n                    \r\n                                                    <i class=\"fa fa-home\" aria-hidden=\"true\"><\/i>Home                    <\/a>\r\n                <\/span>\r\n                <meta itemprop=\"position\" content=\"1\" \/><!-- Meta Position-->\r\n             <\/li><li><span class=\"fbc-separator\">\/<\/span><\/li><li class=\"active\" itemprop=\"itemListElement\" itemscope itemtype=\"https:\/\/schema.org\/ListItem\"><span itemprop=\"name\" title=\"Registrierung von Partnern\">Registrierung von Partnern<\/span><meta itemprop=\"position\" content=\"2\" \/><\/li>\t\t\t\t\t<\/ol>\r\n\t\t\t\t\t<div class=\"clearfix\"><\/div>\r\n\t\t\t\t<\/div>\r\n\t\t\t<\/div>\r\n\t\t\t[\/et_pb_code][\/et_pb_column][\/et_pb_row][\/et_pb_section][et_pb_section fb_built=&#8221;1&#8243; admin_label=&#8221;section&#8221; _builder_version=&#8221;3.22&#8243; custom_padding=&#8221;23px|||||&#8221;][et_pb_row admin_label=&#8221;row&#8221; _builder_version=&#8221;3.25&#8243; background_size=&#8221;initial&#8221; background_position=&#8221;top_left&#8221; background_repeat=&#8221;repeat&#8221;][et_pb_column type=&#8221;4_4&#8243; _builder_version=&#8221;3.25&#8243; custom_padding=&#8221;|||&#8221; custom_padding__hover=&#8221;|||&#8221;][et_pb_text admin_label=&#8221;Text&#8221; _builder_version=&#8221;4.9.4&#8243; background_size=&#8221;initial&#8221; background_position=&#8221;top_left&#8221; background_repeat=&#8221;repeat&#8221; hover_enabled=&#8221;0&#8243; sticky_enabled=&#8221;0&#8243;]<\/p>\n<p>Nehmen Sie an unserem Partnerprogramm teil und verdienen Sie Provisionen f\u00fcr jeden erfolgreichen Verkauf, den Sie vermitteln, oder f\u00fcr die Registrierung eines neuen Kunden.<\/p>\n<p>Sobald Sie sich registriert haben, wartet Ihr Konto auf die Validierung (Sie werden per E-Mail benachrichtigt).<\/p>\n<p>Sobald die Validierung best\u00e4tigt ist, erhalten Sie eine neue E-Mail, die Sie dar\u00fcber informiert, und Sie k\u00f6nnen auf Ihren Partnerbereich zugreifen.<\/p>\n<p>[\/et_pb_text][et_pb_code _builder_version=&#8221;4.9.4&#8243; _module_preset=&#8221;default&#8221; hover_enabled=&#8221;0&#8243; sticky_enabled=&#8221;0&#8243;]\n<form id=\"affwp-register-form\" class=\"affwp-form\" action=\"\" method=\"post\">\n\t\n\t<fieldset>\n\t\t<legend>Ein neues Affiliate-Konto registrieren<\/legend>\n\n\t\t\n\t\t<p>\n\t\t\t<label for=\"affwp-user-name\">Ihr Name<\/label>\n\t\t\t<input id=\"affwp-user-name\" type=\"text\" name=\"affwp_user_name\" value=\"\" title=\"Ihr Name\"  \/>\n\t\t<\/p>\n\n\t\t<p>\n\t\t\t<label for=\"affwp-user-login\">Benutzername<\/label>\n\t\t\t<input id=\"affwp-user-login\" required=\"required\" type=\"text\" name=\"affwp_user_login\" maxlength=\"60\" value=\"\" title=\"Benutzername\" \/>\n\t\t<\/p>\n\n\t\t<p>\n\t\t\t<label for=\"affwp-user-email\">E-Mail Adresse des Kontos<\/label>\n\t\t\t<input id=\"affwp-user-email\" required=\"required\" type=\"email\" name=\"affwp_user_email\" value=\"\" title=\"E-Mail Adresse\" \/>\n\t\t<\/p>\n\n\t\t<p>\n\t\t\t<label for=\"affwp-payment-email\">Zahlungs-E-Mail<\/label>\n\t\t\t<input id=\"affwp-payment-email\" type=\"email\" name=\"affwp_payment_email\" value=\"\" title=\"E-Mail Zahlungsadresse\" \/>\n\t\t<\/p>\n\n\t\t<p>\n\t\t\t<label for=\"affwp-user-url\">Website URL<\/label>\n\t\t\t<input id=\"affwp-user-url\" type=\"text\" name=\"affwp_user_url\" value=\"\" title=\"Website URL\"  \/>\n\t\t<\/p>\n\n\t\t<p>\n\t\t\t<label for=\"affwp-promotion-method\">Wie werben Sie f\u00fcr uns?<\/label>\n\t\t\t<textarea id=\"affwp-promotion-method\" name=\"affwp_promotion_method\" rows=\"5\" cols=\"30\"><\/textarea>\n\t\t<\/p>\n\n\t\t\n\t\t\n\t\t\t\t\t\t\t<p>\n\t\t\t\t<label class=\"affwp-tos\" for=\"affwp-tos\">\n\t\t\t\t\t<input id=\"affwp-tos\" required=\"required\" type=\"checkbox\" name=\"affwp_tos\" \/>\n\t\t\t\t\t<a href=\"https:\/\/quantum-optimiser.com\/cga-affilies\/\" target=\"_blank\">Accepter nos conditions d'utilisation et notre politique de confidentialit\u00e9<\/a>\n\t\t\t\t<\/label>\n\t\t\t<\/p>\n\t\t\n\t\t\n\t\t\n\t\t<p>\n\t\t\t<input type=\"hidden\" name=\"affwp_honeypot\" value=\"\" \/>\n\t\t\t<input type=\"hidden\" name=\"affwp_redirect\" value=\"https:\/\/quantum-optimiser.com\/\"\/>\n\t\t\t<input type=\"hidden\" name=\"affwp_register_nonce\" value=\"e1d64d1e29\" \/>\n\t\t\t<input type=\"hidden\" name=\"affwp_action\" value=\"affiliate_register\" \/>\n\n\t\t\t\n\t\t\t\t\t\t\t<input class=\"button\" type=\"submit\" value=\"Registrieren\" \/>\n\t\t\t\t\t<\/p>\n\n\t\t\t<\/fieldset>\n\n\t<\/form>\n[\/et_pb_code][\/et_pb_column][\/et_pb_row][\/et_pb_section]<\/p>\n","protected":false},"excerpt":{"rendered":"<p>Zugeh\u00f6rigkeitInschrift\t\t\t<!-- Flexy Breadcrumb -->\r\n\t\t\t<div class=\"fbc fbc-page\">\r\n\r\n\t\t\t\t<!-- Breadcrumb wrapper -->\r\n\t\t\t\t<div class=\"fbc-wrap\">\r\n\r\n\t\t\t\t\t<!-- Ordered list-->\r\n\t\t\t\t\t<ol class=\"fbc-items\" itemscope itemtype=\"https:\/\/schema.org\/BreadcrumbList\">\r\n\t\t\t\t\t\t            <li itemprop=\"itemListElement\" itemscope itemtype=\"https:\/\/schema.org\/ListItem\">\r\n                <span itemprop=\"name\">\r\n                    <!-- Home Link -->\r\n                    <a itemprop=\"item\" href=\"https:\/\/quantum-optimiser.com\">\r\n                    \r\n                                                    <i class=\"fa fa-home\" aria-hidden=\"true\"><\/i>Home                    <\/a>\r\n                <\/span>\r\n                <meta itemprop=\"position\" content=\"1\" \/><!-- Meta Position-->\r\n             <\/li><li><span class=\"fbc-separator\">\/<\/span><\/li><li class=\"active\" itemprop=\"itemListElement\" itemscope itemtype=\"https:\/\/schema.org\/ListItem\"><span itemprop=\"name\" title=\"Registrierung von Partnern\">Registrierung von Partnern<\/span><meta itemprop=\"position\" content=\"2\" \/><\/li>\t\t\t\t\t<\/ol>\r\n\t\t\t\t\t<div class=\"clearfix\"><\/div>\r\n\t\t\t\t<\/div>\r\n\t\t\t<\/div>\r\n\t\t\tNehmen Sie an unserem Partnerprogramm teil und verdienen Sie Provisionen f\u00fcr jeden erfolgreichen Verkauf, den Sie vermitteln, oder f\u00fcr die Registrierung eines neuen Kunden. Sobald Sie sich registriert haben, wartet Ihr Konto auf die Validierung (Sie werden per E-Mail benachrichtigt). Sobald die Validierung best\u00e4tigt ist, erhalten Sie eine neue E-Mail, die Sie dar\u00fcber informiert, und [&hellip;]<\/p>\n","protected":false},"author":1,"featured_media":0,"parent":0,"menu_order":0,"comment_status":"closed","ping_status":"closed","template":"","meta":{"_et_pb_use_builder":"on","_et_pb_old_content":"","_et_gb_content_width":"","footnotes":""},"yoast_head":"<!-- This site is optimized with the Yoast SEO plugin v22.6 - https:\/\/yoast.com\/wordpress\/plugins\/seo\/ -->\n<title>Registrierung von Partnern - Quantum Optimiser<\/title>\n<meta name=\"robots\" content=\"index, follow, max-snippet:-1, max-image-preview:large, max-video-preview:-1\" \/>\n<link rel=\"canonical\" href=\"https:\/\/quantum-optimiser.com\/de\/werden-sie-ein-partner\/\" \/>\n<meta property=\"og:locale\" content=\"de_DE\" \/>\n<meta property=\"og:type\" content=\"article\" \/>\n<meta property=\"og:title\" content=\"Registrierung von Partnern - Quantum Optimiser\" \/>\n<meta property=\"og:description\" content=\"Zugeh\u00f6rigkeitInschriftNehmen Sie an unserem Partnerprogramm teil und verdienen Sie Provisionen f\u00fcr jeden erfolgreichen Verkauf, den Sie vermitteln, oder f\u00fcr die Registrierung eines neuen Kunden. Sobald Sie sich registriert haben, wartet Ihr Konto auf die Validierung (Sie werden per E-Mail benachrichtigt). Sobald die Validierung best\u00e4tigt ist, erhalten Sie eine neue E-Mail, die Sie dar\u00fcber informiert, und [&hellip;]\" \/>\n<meta property=\"og:url\" content=\"https:\/\/quantum-optimiser.com\/de\/werden-sie-ein-partner\/\" \/>\n<meta property=\"og:site_name\" content=\"Quantum Optimiser\" \/>\n<meta property=\"article:modified_time\" content=\"2021-09-25T06:29:27+00:00\" \/>\n<meta name=\"twitter:card\" content=\"summary_large_image\" \/>\n<meta name=\"twitter:label1\" content=\"Gesch\u00e4tzte Lesezeit\" \/>\n\t<meta name=\"twitter:data1\" content=\"2\u00a0Minuten\" \/>\n<script type=\"application\/ld+json\" class=\"yoast-schema-graph\">{\"@context\":\"https:\/\/schema.org\",\"@graph\":[{\"@type\":\"WebPage\",\"@id\":\"https:\/\/quantum-optimiser.com\/de\/werden-sie-ein-partner\/\",\"url\":\"https:\/\/quantum-optimiser.com\/de\/werden-sie-ein-partner\/\",\"name\":\"Registrierung von Partnern - Quantum Optimiser\",\"isPartOf\":{\"@id\":\"https:\/\/quantum-optimiser.com\/de\/#website\"},\"datePublished\":\"2021-05-19T14:08:39+00:00\",\"dateModified\":\"2021-09-25T06:29:27+00:00\",\"breadcrumb\":{\"@id\":\"https:\/\/quantum-optimiser.com\/de\/werden-sie-ein-partner\/#breadcrumb\"},\"inLanguage\":\"de\",\"potentialAction\":[{\"@type\":\"ReadAction\",\"target\":[\"https:\/\/quantum-optimiser.com\/de\/werden-sie-ein-partner\/\"]}]},{\"@type\":\"BreadcrumbList\",\"@id\":\"https:\/\/quantum-optimiser.com\/de\/werden-sie-ein-partner\/#breadcrumb\",\"itemListElement\":[{\"@type\":\"ListItem\",\"position\":1,\"name\":\"Accueil\",\"item\":\"https:\/\/quantum-optimiser.com\/de\/\"},{\"@type\":\"ListItem\",\"position\":2,\"name\":\"Registrierung von Partnern\"}]},{\"@type\":\"WebSite\",\"@id\":\"https:\/\/quantum-optimiser.com\/de\/#website\",\"url\":\"https:\/\/quantum-optimiser.com\/de\/\",\"name\":\"Quantum Optimiser\",\"description\":\"Tout ce qui vit, vibre !\",\"publisher\":{\"@id\":\"https:\/\/quantum-optimiser.com\/de\/#organization\"},\"potentialAction\":[{\"@type\":\"SearchAction\",\"target\":{\"@type\":\"EntryPoint\",\"urlTemplate\":\"https:\/\/quantum-optimiser.com\/de\/?s={search_term_string}\"},\"query-input\":\"required name=search_term_string\"}],\"inLanguage\":\"de\"},{\"@type\":\"Organization\",\"@id\":\"https:\/\/quantum-optimiser.com\/de\/#organization\",\"name\":\"Quantum Optimiser\",\"url\":\"https:\/\/quantum-optimiser.com\/de\/\",\"logo\":{\"@type\":\"ImageObject\",\"inLanguage\":\"de\",\"@id\":\"https:\/\/quantum-optimiser.com\/de\/#\/schema\/logo\/image\/\",\"url\":\"https:\/\/quantum-optimiser.com\/wp-content\/uploads\/2021\/04\/Logo-quantum-optimiser-wood-black-color-lueur3.png\",\"contentUrl\":\"https:\/\/quantum-optimiser.com\/wp-content\/uploads\/2021\/04\/Logo-quantum-optimiser-wood-black-color-lueur3.png\",\"width\":1200,\"height\":700,\"caption\":\"Quantum Optimiser\"},\"image\":{\"@id\":\"https:\/\/quantum-optimiser.com\/de\/#\/schema\/logo\/image\/\"}}]}<\/script>\n<!-- \/ Yoast SEO plugin. -->","yoast_head_json":{"title":"Registrierung von Partnern - Quantum Optimiser","robots":{"index":"index","follow":"follow","max-snippet":"max-snippet:-1","max-image-preview":"max-image-preview:large","max-video-preview":"max-video-preview:-1"},"canonical":"https:\/\/quantum-optimiser.com\/de\/werden-sie-ein-partner\/","og_locale":"de_DE","og_type":"article","og_title":"Registrierung von Partnern - Quantum Optimiser","og_description":"Zugeh\u00f6rigkeitInschriftNehmen Sie an unserem Partnerprogramm teil und verdienen Sie Provisionen f\u00fcr jeden erfolgreichen Verkauf, den Sie vermitteln, oder f\u00fcr die Registrierung eines neuen Kunden. Sobald Sie sich registriert haben, wartet Ihr Konto auf die Validierung (Sie werden per E-Mail benachrichtigt). Sobald die Validierung best\u00e4tigt ist, erhalten Sie eine neue E-Mail, die Sie dar\u00fcber informiert, und [&hellip;]","og_url":"https:\/\/quantum-optimiser.com\/de\/werden-sie-ein-partner\/","og_site_name":"Quantum Optimiser","article_modified_time":"2021-09-25T06:29:27+00:00","twitter_card":"summary_large_image","twitter_misc":{"Gesch\u00e4tzte Lesezeit":"2\u00a0Minuten"},"schema":{"@context":"https:\/\/schema.org","@graph":[{"@type":"WebPage","@id":"https:\/\/quantum-optimiser.com\/de\/werden-sie-ein-partner\/","url":"https:\/\/quantum-optimiser.com\/de\/werden-sie-ein-partner\/","name":"Registrierung von Partnern - Quantum Optimiser","isPartOf":{"@id":"https:\/\/quantum-optimiser.com\/de\/#website"},"datePublished":"2021-05-19T14:08:39+00:00","dateModified":"2021-09-25T06:29:27+00:00","breadcrumb":{"@id":"https:\/\/quantum-optimiser.com\/de\/werden-sie-ein-partner\/#breadcrumb"},"inLanguage":"de","potentialAction":[{"@type":"ReadAction","target":["https:\/\/quantum-optimiser.com\/de\/werden-sie-ein-partner\/"]}]},{"@type":"BreadcrumbList","@id":"https:\/\/quantum-optimiser.com\/de\/werden-sie-ein-partner\/#breadcrumb","itemListElement":[{"@type":"ListItem","position":1,"name":"Accueil","item":"https:\/\/quantum-optimiser.com\/de\/"},{"@type":"ListItem","position":2,"name":"Registrierung von Partnern"}]},{"@type":"WebSite","@id":"https:\/\/quantum-optimiser.com\/de\/#website","url":"https:\/\/quantum-optimiser.com\/de\/","name":"Quantum Optimiser","description":"Tout ce qui vit, vibre !","publisher":{"@id":"https:\/\/quantum-optimiser.com\/de\/#organization"},"potentialAction":[{"@type":"SearchAction","target":{"@type":"EntryPoint","urlTemplate":"https:\/\/quantum-optimiser.com\/de\/?s={search_term_string}"},"query-input":"required name=search_term_string"}],"inLanguage":"de"},{"@type":"Organization","@id":"https:\/\/quantum-optimiser.com\/de\/#organization","name":"Quantum Optimiser","url":"https:\/\/quantum-optimiser.com\/de\/","logo":{"@type":"ImageObject","inLanguage":"de","@id":"https:\/\/quantum-optimiser.com\/de\/#\/schema\/logo\/image\/","url":"https:\/\/quantum-optimiser.com\/wp-content\/uploads\/2021\/04\/Logo-quantum-optimiser-wood-black-color-lueur3.png","contentUrl":"https:\/\/quantum-optimiser.com\/wp-content\/uploads\/2021\/04\/Logo-quantum-optimiser-wood-black-color-lueur3.png","width":1200,"height":700,"caption":"Quantum Optimiser"},"image":{"@id":"https:\/\/quantum-optimiser.com\/de\/#\/schema\/logo\/image\/"}}]}},"_links":{"self":[{"href":"https:\/\/quantum-optimiser.com\/de\/wp-json\/wp\/v2\/pages\/32063"}],"collection":[{"href":"https:\/\/quantum-optimiser.com\/de\/wp-json\/wp\/v2\/pages"}],"about":[{"href":"https:\/\/quantum-optimiser.com\/de\/wp-json\/wp\/v2\/types\/page"}],"author":[{"embeddable":true,"href":"https:\/\/quantum-optimiser.com\/de\/wp-json\/wp\/v2\/users\/1"}],"replies":[{"embeddable":true,"href":"https:\/\/quantum-optimiser.com\/de\/wp-json\/wp\/v2\/comments?post=32063"}],"version-history":[{"count":3,"href":"https:\/\/quantum-optimiser.com\/de\/wp-json\/wp\/v2\/pages\/32063\/revisions"}],"predecessor-version":[{"id":33238,"href":"https:\/\/quantum-optimiser.com\/de\/wp-json\/wp\/v2\/pages\/32063\/revisions\/33238"}],"wp:attachment":[{"href":"https:\/\/quantum-optimiser.com\/de\/wp-json\/wp\/v2\/media?parent=32063"}],"curies":[{"name":"wp","href":"https:\/\/api.w.org\/{rel}","templated":true}]}}