{"id":31897,"date":"2021-05-17T18:29:36","date_gmt":"2021-05-17T16:29:36","guid":{"rendered":"https:\/\/quantum-optimiser.com\/broschuren\/"},"modified":"2021-05-19T13:09:16","modified_gmt":"2021-05-19T11:09:16","slug":"broschuren","status":"publish","type":"page","link":"https:\/\/quantum-optimiser.com\/de\/wissenschaft-und-forschung\/broschuren\/","title":{"rendered":"Brosch\u00fcren"},"content":{"rendered":"<p>[et_pb_section fb_built=&#8221;1&#8243; _builder_version=&#8221;4.9.4&#8243; _module_preset=&#8221;default&#8221; background_color=&#8221;RGBA(0,0,0,0)&#8221; background_image=&#8221;https:\/\/quantum-optimiser.com\/wp-content\/uploads\/2021\/04\/header-brochures-color.jpg&#8221; custom_padding=&#8221;0px||0px||false|false&#8221; locked=&#8221;off&#8221;][et_pb_row _builder_version=&#8221;4.9.4&#8243; _module_preset=&#8221;default&#8221; max_width=&#8221;1084px&#8221; custom_margin=&#8221;||||false|false&#8221; custom_padding=&#8221;||||false|false&#8221;][et_pb_column type=&#8221;4_4&#8243; _builder_version=&#8221;4.9.3&#8243; _module_preset=&#8221;default&#8221;][et_pb_text _builder_version=&#8221;4.9.4&#8243; _module_preset=&#8221;default&#8221; header_font=&#8221;Playfair Display||||||||&#8221; header_text_align=&#8221;center&#8221; header_text_color=&#8221;#FFFFFF&#8221; header_font_size=&#8221;60px&#8221; custom_padding=&#8221;3vw||||false|false&#8221; header_text_shadow_style=&#8221;preset1&#8243;]<\/p>\n<h1>Brosch\u00fcren<br \/>\n&amp;<br \/>\nFlyers<\/h1>\n<p>[\/et_pb_text][et_pb_divider color=&#8221;#FFFFFF&#8221; divider_position=&#8221;center&#8221; divider_weight=&#8221;1px&#8221; _builder_version=&#8221;4.9.4&#8243; _module_preset=&#8221;default&#8221; width=&#8221;5%&#8221; max_width=&#8221;5%&#8221; module_alignment=&#8221;center&#8221;][\/et_pb_divider][et_pb_text _builder_version=&#8221;4.9.4&#8243; _module_preset=&#8221;default&#8221; header_2_font=&#8221;Poppins|200|||||||&#8221; header_2_text_align=&#8221;center&#8221; header_2_text_color=&#8221;#e8e8e8&#8243; header_2_font_size=&#8221;20px&#8221; custom_padding=&#8221;||3vw||false|false&#8221;]<\/p>\n<h2><span>Alles \u00fcber die Produkte<\/span><\/h2>\n<p>[\/et_pb_text][\/et_pb_column][\/et_pb_row][\/et_pb_section][et_pb_section fb_built=&#8221;1&#8243; _builder_version=&#8221;4.9.3&#8243; _module_preset=&#8221;default&#8221; custom_padding=&#8221;13px||21px|||&#8221;][et_pb_row _builder_version=&#8221;4.9.3&#8243; _module_preset=&#8221;default&#8221;][et_pb_column type=&#8221;4_4&#8243; _builder_version=&#8221;4.9.3&#8243; _module_preset=&#8221;default&#8221;][et_pb_code _builder_version=&#8221;4.9.3&#8243; _module_preset=&#8221;default&#8221;]\t\t\t<!-- Flexy Breadcrumb -->\r\n\t\t\t<div class=\"fbc fbc-page\">\r\n\r\n\t\t\t\t<!-- Breadcrumb wrapper -->\r\n\t\t\t\t<div class=\"fbc-wrap\">\r\n\r\n\t\t\t\t\t<!-- Ordered list-->\r\n\t\t\t\t\t<ol class=\"fbc-items\" itemscope itemtype=\"https:\/\/schema.org\/BreadcrumbList\">\r\n\t\t\t\t\t\t            <li itemprop=\"itemListElement\" itemscope itemtype=\"https:\/\/schema.org\/ListItem\">\r\n                <span itemprop=\"name\">\r\n                    <!-- Home Link -->\r\n                    <a itemprop=\"item\" href=\"https:\/\/quantum-optimiser.com\">\r\n                    \r\n                                                    <i class=\"fa fa-home\" aria-hidden=\"true\"><\/i>Home                    <\/a>\r\n                <\/span>\r\n                <meta itemprop=\"position\" content=\"1\" \/><!-- Meta Position-->\r\n             <\/li><li><span class=\"fbc-separator\">\/<\/span><\/li><li class=\"active\" itemprop=\"itemListElement\" itemscope itemtype=\"https:\/\/schema.org\/ListItem\"><span itemprop=\"name\" title=\"Brosch\u00fcren\">Brosch\u00fcren<\/span><meta itemprop=\"position\" content=\"2\" \/><\/li>\t\t\t\t\t<\/ol>\r\n\t\t\t\t\t<div class=\"clearfix\"><\/div>\r\n\t\t\t\t<\/div>\r\n\t\t\t<\/div>\r\n\t\t\t[\/et_pb_code][\/et_pb_column][\/et_pb_row][et_pb_row _builder_version=&#8221;4.9.3&#8243; _module_preset=&#8221;default&#8221; custom_margin=&#8221;30px|auto||auto||&#8221;][et_pb_column type=&#8221;4_4&#8243; _builder_version=&#8221;4.9.3&#8243; _module_preset=&#8221;default&#8221;][et_pb_text _builder_version=&#8221;4.9.3&#8243; _module_preset=&#8221;default&#8221; header_2_font=&#8221;Poppins|600|||||||&#8221; header_2_font_size=&#8221;30px&#8221;]<\/p>\n<h2 style=\"text-align: center;\"><span style=\"color: #bc7700;\">Q<\/span>uantum <span style=\"color: #bc7700;\">O<\/span>ptimiser<\/h2>\n<p>[\/et_pb_text][\/et_pb_column][\/et_pb_row][\/et_pb_section][et_pb_section fb_built=&#8221;1&#8243; _builder_version=&#8221;4.9.3&#8243; _module_preset=&#8221;default&#8221; custom_padding=&#8221;0px|||||&#8221;][et_pb_row _builder_version=&#8221;4.9.3&#8243; _module_preset=&#8221;default&#8221; custom_padding=&#8221;||3px|||&#8221;][et_pb_column type=&#8221;4_4&#8243; _builder_version=&#8221;4.9.3&#8243; _module_preset=&#8221;default&#8221;][et_pb_divider color=&#8221;#6e430e&#8221; divider_weight=&#8221;2px&#8221; _builder_version=&#8221;4.9.3&#8243; _module_preset=&#8221;default&#8221; width=&#8221;20%&#8221; max_width=&#8221;20%&#8221; module_alignment=&#8221;center&#8221; custom_margin=&#8221;||12px|||&#8221;][\/et_pb_divider][et_pb_text _builder_version=&#8221;4.9.3&#8243; _module_preset=&#8221;default&#8221; text_font=&#8221;Poppins||||||||&#8221; text_orientation=&#8221;center&#8221; custom_margin=&#8221;||9px|||&#8221; custom_padding=&#8221;0px|||||&#8221;]<\/p>\n<p>Die Brosch\u00fcren sind im PDF-Format (Acrobat).<br \/>F\u00fcr das Lesen ist die Acrobat Reader-Software erforderlich.<br \/>Sie k\u00f6nnen es herunterladen, indem Sie auf das Symbol unten klicken.<\/p>\n<p>[\/et_pb_text][et_pb_image src=&#8221;https:\/\/quantum-optimiser.com\/wp-content\/uploads\/2021\/04\/acrobat_pdf_icon.png&#8221; title_text=&#8221;acrobat_pdf_icon&#8221; url=&#8221;https:\/\/get.adobe.com\/fr\/reader\/&#8221; align=&#8221;center&#8221; _builder_version=&#8221;4.9.3&#8243; _module_preset=&#8221;default&#8221;][\/et_pb_image][et_pb_divider color=&#8221;#6e430e&#8221; divider_weight=&#8221;2px&#8221; _builder_version=&#8221;4.9.3&#8243; _module_preset=&#8221;default&#8221; width=&#8221;20%&#8221; max_width=&#8221;20%&#8221; module_alignment=&#8221;center&#8221; custom_margin=&#8221;||12px|||&#8221;][\/et_pb_divider][\/et_pb_column][\/et_pb_row][et_pb_row _builder_version=&#8221;4.9.4&#8243; _module_preset=&#8221;default&#8221;][et_pb_column type=&#8221;4_4&#8243; _builder_version=&#8221;4.9.3&#8243; _module_preset=&#8221;default&#8221;][et_pb_testimonial author=&#8221;quantum optimiser &#8211; allgemeine brosch\u00fcre&#8221; portrait_url=&#8221;https:\/\/quantum-optimiser.com\/wp-content\/uploads\/2021\/04\/brochure-quantum-optimiser-page-icon.jpg&#8221; quote_icon=&#8221;off&#8221; portrait_width=&#8221;80px&#8221; portrait_height=&#8221;114px&#8221; _builder_version=&#8221;4.9.4&#8243; _module_preset=&#8221;default&#8221; author_font=&#8221;Poppins|700||on|||||&#8221; custom_margin=&#8221;||5px|||&#8221; custom_padding=&#8221;14px||12px|||&#8221; link_option_url=&#8221;https:\/\/quantum-optimiser.com\/download\/brochures\/Broschure-quantum-optimiser-de.pdf&#8221; hover_enabled=&#8221;0&#8243; border_radii_portrait=&#8221;on|0px|0px|0px|0px&#8221; sticky_enabled=&#8221;0&#8243;][\/et_pb_testimonial][et_pb_testimonial author=&#8221;Die Diapasons f\u00fcr Ihr Wohlbefinden&#8221; portrait_url=&#8221;https:\/\/quantum-optimiser.com\/wp-content\/uploads\/2021\/04\/brochure-diapason-icon.jpg&#8221; quote_icon=&#8221;off&#8221; portrait_width=&#8221;80px&#8221; portrait_height=&#8221;114px&#8221; _builder_version=&#8221;4.9.4&#8243; _module_preset=&#8221;default&#8221; author_font=&#8221;Poppins|700||on|||||&#8221; custom_margin=&#8221;||5px|||&#8221; custom_padding=&#8221;14px||12px|||&#8221; link_option_url=&#8221;https:\/\/quantum-optimiser.com\/download\/brochures\/broschure-diapason-de.pdf&#8221; hover_enabled=&#8221;0&#8243; border_radii_portrait=&#8221;on|0px|0px|0px|0px&#8221; sticky_enabled=&#8221;0&#8243;][\/et_pb_testimonial][et_pb_testimonial author=&#8221;Transducers&#8221; portrait_url=&#8221;https:\/\/quantum-optimiser.com\/wp-content\/uploads\/2021\/04\/brochure-transducteurs-icon.jpg&#8221; quote_icon=&#8221;off&#8221; portrait_width=&#8221;80px&#8221; portrait_height=&#8221;114px&#8221; _builder_version=&#8221;4.9.4&#8243; _module_preset=&#8221;default&#8221; author_font=&#8221;Poppins|700||on|||||&#8221; custom_margin=&#8221;||5px|||&#8221; custom_padding=&#8221;14px||12px|||&#8221; link_option_url=&#8221;https:\/\/quantum-optimiser.com\/download\/brochures\/broschure-transducers-de.pdf&#8221; hover_enabled=&#8221;0&#8243; border_radii_portrait=&#8221;on|0px|0px|0px|0px&#8221; sticky_enabled=&#8221;0&#8243;][\/et_pb_testimonial][\/et_pb_column][\/et_pb_row][\/et_pb_section]<\/p>\n","protected":false},"excerpt":{"rendered":"<p>Brosch\u00fcren &amp; FlyersAlles \u00fcber die Produkte\t\t\t<!-- Flexy Breadcrumb -->\r\n\t\t\t<div class=\"fbc fbc-page\">\r\n\r\n\t\t\t\t<!-- Breadcrumb wrapper -->\r\n\t\t\t\t<div class=\"fbc-wrap\">\r\n\r\n\t\t\t\t\t<!-- Ordered list-->\r\n\t\t\t\t\t<ol class=\"fbc-items\" itemscope itemtype=\"https:\/\/schema.org\/BreadcrumbList\">\r\n\t\t\t\t\t\t            <li itemprop=\"itemListElement\" itemscope itemtype=\"https:\/\/schema.org\/ListItem\">\r\n                <span itemprop=\"name\">\r\n                    <!-- Home Link -->\r\n                    <a itemprop=\"item\" href=\"https:\/\/quantum-optimiser.com\">\r\n                    \r\n                                                    <i class=\"fa fa-home\" aria-hidden=\"true\"><\/i>Home                    <\/a>\r\n                <\/span>\r\n                <meta itemprop=\"position\" content=\"1\" \/><!-- Meta Position-->\r\n             <\/li><li><span class=\"fbc-separator\">\/<\/span><\/li><li class=\"active\" itemprop=\"itemListElement\" itemscope itemtype=\"https:\/\/schema.org\/ListItem\"><span itemprop=\"name\" title=\"Brosch\u00fcren\">Brosch\u00fcren<\/span><meta itemprop=\"position\" content=\"2\" \/><\/li>\t\t\t\t\t<\/ol>\r\n\t\t\t\t\t<div class=\"clearfix\"><\/div>\r\n\t\t\t\t<\/div>\r\n\t\t\t<\/div>\r\n\t\t\tQuantum OptimiserDie Brosch\u00fcren sind im PDF-Format (Acrobat).F\u00fcr das Lesen ist die Acrobat Reader-Software erforderlich.Sie k\u00f6nnen es herunterladen, indem Sie auf das Symbol unten klicken.<\/p>\n","protected":false},"author":1,"featured_media":0,"parent":32944,"menu_order":0,"comment_status":"closed","ping_status":"closed","template":"","meta":{"_et_pb_use_builder":"on","_et_pb_old_content":"","_et_gb_content_width":"","footnotes":""},"yoast_head":"<!-- This site is optimized with the Yoast SEO plugin v22.6 - https:\/\/yoast.com\/wordpress\/plugins\/seo\/ -->\n<title>Brosch\u00fcren - Quantum Optimiser<\/title>\n<meta name=\"robots\" content=\"index, follow, max-snippet:-1, max-image-preview:large, max-video-preview:-1\" \/>\n<link rel=\"canonical\" href=\"https:\/\/quantum-optimiser.com\/de\/wissenschaft-und-forschung\/broschuren\/\" \/>\n<meta property=\"og:locale\" content=\"de_DE\" \/>\n<meta property=\"og:type\" content=\"article\" \/>\n<meta property=\"og:title\" content=\"Brosch\u00fcren - Quantum Optimiser\" \/>\n<meta property=\"og:description\" content=\"Brosch\u00fcren &amp; FlyersAlles \u00fcber die ProdukteQuantum OptimiserDie Brosch\u00fcren sind im PDF-Format (Acrobat).F\u00fcr das Lesen ist die Acrobat Reader-Software erforderlich.Sie k\u00f6nnen es herunterladen, indem Sie auf das Symbol unten klicken.\" \/>\n<meta property=\"og:url\" content=\"https:\/\/quantum-optimiser.com\/de\/wissenschaft-und-forschung\/broschuren\/\" \/>\n<meta property=\"og:site_name\" content=\"Quantum Optimiser\" \/>\n<meta property=\"article:modified_time\" content=\"2021-05-19T11:09:16+00:00\" \/>\n<meta name=\"twitter:card\" content=\"summary_large_image\" \/>\n<meta name=\"twitter:label1\" content=\"Gesch\u00e4tzte Lesezeit\" \/>\n\t<meta name=\"twitter:data1\" content=\"3\u00a0Minuten\" \/>\n<script type=\"application\/ld+json\" class=\"yoast-schema-graph\">{\"@context\":\"https:\/\/schema.org\",\"@graph\":[{\"@type\":\"WebPage\",\"@id\":\"https:\/\/quantum-optimiser.com\/de\/wissenschaft-und-forschung\/broschuren\/\",\"url\":\"https:\/\/quantum-optimiser.com\/de\/wissenschaft-und-forschung\/broschuren\/\",\"name\":\"Brosch\u00fcren - Quantum Optimiser\",\"isPartOf\":{\"@id\":\"https:\/\/quantum-optimiser.com\/de\/#website\"},\"datePublished\":\"2021-05-17T16:29:36+00:00\",\"dateModified\":\"2021-05-19T11:09:16+00:00\",\"breadcrumb\":{\"@id\":\"https:\/\/quantum-optimiser.com\/de\/wissenschaft-und-forschung\/broschuren\/#breadcrumb\"},\"inLanguage\":\"de\",\"potentialAction\":[{\"@type\":\"ReadAction\",\"target\":[\"https:\/\/quantum-optimiser.com\/de\/wissenschaft-und-forschung\/broschuren\/\"]}]},{\"@type\":\"BreadcrumbList\",\"@id\":\"https:\/\/quantum-optimiser.com\/de\/wissenschaft-und-forschung\/broschuren\/#breadcrumb\",\"itemListElement\":[{\"@type\":\"ListItem\",\"position\":1,\"name\":\"Accueil\",\"item\":\"https:\/\/quantum-optimiser.com\/de\/\"},{\"@type\":\"ListItem\",\"position\":2,\"name\":\"Wissenschaft und Forschung\",\"item\":\"https:\/\/quantum-optimiser.com\/de\/wissenschaft-und-forschung\/\"},{\"@type\":\"ListItem\",\"position\":3,\"name\":\"Brosch\u00fcren\"}]},{\"@type\":\"WebSite\",\"@id\":\"https:\/\/quantum-optimiser.com\/de\/#website\",\"url\":\"https:\/\/quantum-optimiser.com\/de\/\",\"name\":\"Quantum Optimiser\",\"description\":\"Tout ce qui vit, vibre !\",\"publisher\":{\"@id\":\"https:\/\/quantum-optimiser.com\/de\/#organization\"},\"potentialAction\":[{\"@type\":\"SearchAction\",\"target\":{\"@type\":\"EntryPoint\",\"urlTemplate\":\"https:\/\/quantum-optimiser.com\/de\/?s={search_term_string}\"},\"query-input\":\"required name=search_term_string\"}],\"inLanguage\":\"de\"},{\"@type\":\"Organization\",\"@id\":\"https:\/\/quantum-optimiser.com\/de\/#organization\",\"name\":\"Quantum Optimiser\",\"url\":\"https:\/\/quantum-optimiser.com\/de\/\",\"logo\":{\"@type\":\"ImageObject\",\"inLanguage\":\"de\",\"@id\":\"https:\/\/quantum-optimiser.com\/de\/#\/schema\/logo\/image\/\",\"url\":\"https:\/\/quantum-optimiser.com\/wp-content\/uploads\/2021\/04\/Logo-quantum-optimiser-wood-black-color-lueur3.png\",\"contentUrl\":\"https:\/\/quantum-optimiser.com\/wp-content\/uploads\/2021\/04\/Logo-quantum-optimiser-wood-black-color-lueur3.png\",\"width\":1200,\"height\":700,\"caption\":\"Quantum Optimiser\"},\"image\":{\"@id\":\"https:\/\/quantum-optimiser.com\/de\/#\/schema\/logo\/image\/\"}}]}<\/script>\n<!-- \/ Yoast SEO plugin. -->","yoast_head_json":{"title":"Brosch\u00fcren - Quantum Optimiser","robots":{"index":"index","follow":"follow","max-snippet":"max-snippet:-1","max-image-preview":"max-image-preview:large","max-video-preview":"max-video-preview:-1"},"canonical":"https:\/\/quantum-optimiser.com\/de\/wissenschaft-und-forschung\/broschuren\/","og_locale":"de_DE","og_type":"article","og_title":"Brosch\u00fcren - Quantum Optimiser","og_description":"Brosch\u00fcren &amp; FlyersAlles \u00fcber die ProdukteQuantum OptimiserDie Brosch\u00fcren sind im PDF-Format (Acrobat).F\u00fcr das Lesen ist die Acrobat Reader-Software erforderlich.Sie k\u00f6nnen es herunterladen, indem Sie auf das Symbol unten klicken.","og_url":"https:\/\/quantum-optimiser.com\/de\/wissenschaft-und-forschung\/broschuren\/","og_site_name":"Quantum Optimiser","article_modified_time":"2021-05-19T11:09:16+00:00","twitter_card":"summary_large_image","twitter_misc":{"Gesch\u00e4tzte Lesezeit":"3\u00a0Minuten"},"schema":{"@context":"https:\/\/schema.org","@graph":[{"@type":"WebPage","@id":"https:\/\/quantum-optimiser.com\/de\/wissenschaft-und-forschung\/broschuren\/","url":"https:\/\/quantum-optimiser.com\/de\/wissenschaft-und-forschung\/broschuren\/","name":"Brosch\u00fcren - Quantum Optimiser","isPartOf":{"@id":"https:\/\/quantum-optimiser.com\/de\/#website"},"datePublished":"2021-05-17T16:29:36+00:00","dateModified":"2021-05-19T11:09:16+00:00","breadcrumb":{"@id":"https:\/\/quantum-optimiser.com\/de\/wissenschaft-und-forschung\/broschuren\/#breadcrumb"},"inLanguage":"de","potentialAction":[{"@type":"ReadAction","target":["https:\/\/quantum-optimiser.com\/de\/wissenschaft-und-forschung\/broschuren\/"]}]},{"@type":"BreadcrumbList","@id":"https:\/\/quantum-optimiser.com\/de\/wissenschaft-und-forschung\/broschuren\/#breadcrumb","itemListElement":[{"@type":"ListItem","position":1,"name":"Accueil","item":"https:\/\/quantum-optimiser.com\/de\/"},{"@type":"ListItem","position":2,"name":"Wissenschaft und Forschung","item":"https:\/\/quantum-optimiser.com\/de\/wissenschaft-und-forschung\/"},{"@type":"ListItem","position":3,"name":"Brosch\u00fcren"}]},{"@type":"WebSite","@id":"https:\/\/quantum-optimiser.com\/de\/#website","url":"https:\/\/quantum-optimiser.com\/de\/","name":"Quantum Optimiser","description":"Tout ce qui vit, vibre !","publisher":{"@id":"https:\/\/quantum-optimiser.com\/de\/#organization"},"potentialAction":[{"@type":"SearchAction","target":{"@type":"EntryPoint","urlTemplate":"https:\/\/quantum-optimiser.com\/de\/?s={search_term_string}"},"query-input":"required name=search_term_string"}],"inLanguage":"de"},{"@type":"Organization","@id":"https:\/\/quantum-optimiser.com\/de\/#organization","name":"Quantum Optimiser","url":"https:\/\/quantum-optimiser.com\/de\/","logo":{"@type":"ImageObject","inLanguage":"de","@id":"https:\/\/quantum-optimiser.com\/de\/#\/schema\/logo\/image\/","url":"https:\/\/quantum-optimiser.com\/wp-content\/uploads\/2021\/04\/Logo-quantum-optimiser-wood-black-color-lueur3.png","contentUrl":"https:\/\/quantum-optimiser.com\/wp-content\/uploads\/2021\/04\/Logo-quantum-optimiser-wood-black-color-lueur3.png","width":1200,"height":700,"caption":"Quantum Optimiser"},"image":{"@id":"https:\/\/quantum-optimiser.com\/de\/#\/schema\/logo\/image\/"}}]}},"_links":{"self":[{"href":"https:\/\/quantum-optimiser.com\/de\/wp-json\/wp\/v2\/pages\/31897"}],"collection":[{"href":"https:\/\/quantum-optimiser.com\/de\/wp-json\/wp\/v2\/pages"}],"about":[{"href":"https:\/\/quantum-optimiser.com\/de\/wp-json\/wp\/v2\/types\/page"}],"author":[{"embeddable":true,"href":"https:\/\/quantum-optimiser.com\/de\/wp-json\/wp\/v2\/users\/1"}],"replies":[{"embeddable":true,"href":"https:\/\/quantum-optimiser.com\/de\/wp-json\/wp\/v2\/comments?post=31897"}],"version-history":[{"count":0,"href":"https:\/\/quantum-optimiser.com\/de\/wp-json\/wp\/v2\/pages\/31897\/revisions"}],"up":[{"embeddable":true,"href":"https:\/\/quantum-optimiser.com\/de\/wp-json\/wp\/v2\/pages\/32944"}],"wp:attachment":[{"href":"https:\/\/quantum-optimiser.com\/de\/wp-json\/wp\/v2\/media?parent=31897"}],"curies":[{"name":"wp","href":"https:\/\/api.w.org\/{rel}","templated":true}]}}